{"id":40175,"date":"2020-11-03T19:46:08","date_gmt":"2020-11-03T17:46:08","guid":{"rendered":"https:\/\/loma-hossa.fi\/?page_id=40175"},"modified":"2025-06-28T20:18:20","modified_gmt":"2025-06-28T17:18:20","slug":"naavamokki","status":"publish","type":"page","link":"https:\/\/loma-hossa.fi\/en\/accommodation\/naavamokki\/","title":{"rendered":"Naava Cottage"},"content":{"rendered":"<p><img decoding=\"async\" src=\"\/wp-content\/uploads\/2020\/11\/Naava_lumi.jpg\" alt=\"Naavam\u00f6kki\"><\/p>\n<h1>Naavam\u00f6kki Cottage<\/h1>\n<h6>4 + 1 persons<\/h6>\n<div>\n<p>The year-round cottage is located in its own peace on the shores of the bright Lake \u00d6ll\u00f6rij\u00e4rvi. In the direction of Hossa National Park nearby. The cottage was completed in October 2020.<\/p>\n<p>The cottage has electricity, toilet, radio and electric sauna. The cottage has a living room\/kitchen and two bedrooms.<\/p>\n<p>Lake \u00d6ll\u00f6rij\u00e4rvi looks from the windows of the cottage and sauna and has shoreline and a rowing boat.<\/p>\n<p><b>Pets are not allowed in this cottage!<\/b><\/p>\n<\/div>\n<div>\n<ul>\n<li>Electric stove<\/li>\n<li>Refrigerator<\/li>\n<li>Microwave oven<\/li>\n<li>Dishwasher\n<li>Set of dishes<\/li>\n<li>Coffee maker<\/li>\n<li>Televisio<\/li>\n<li>Wifi<\/li>\n<li>Fireplace<\/li>\n<li>wc<\/li>\n<li>Shower<\/li>\n<li>Sauna<\/li>\n<\/ul>\n<\/div>\n<div>\n<p>140 \u20ac\/2 persons\/night + 30 \u20ac\/extra person\/night<br \/>5-12 years 15 \u20ac\/person\/night<br \/>under 5 years free<\/p>\n<h5>Note<\/h5>\n<ul>\n<li>Price include bedlinen<\/li>\n<li>Minimum rent for 2 nights<\/li>\n<\/ul>\n<\/div>\n<div><iframe src=\"https:\/\/lomahossa.bookingonline.fi\/stable\/integroitukalenteri.jsp?teema_id=2083&#038;myyja_id=12466&#038;kiintea_tuote_id=36281&#038;kieli=UKN\"width=\"100%\" height=\"750px\"><\/iframe>\n<\/div>\n<ul>\n<li>\n<p>        <img decoding=\"async\" src=\"\/wp-content\/uploads\/2020\/11\/naava_tupa.jpg\" alt=\"\"><\/p>\n<h3>lomahossa-naava<\/h3>\n<\/li>\n<li>\n<p>        <img decoding=\"async\" src=\"\/wp-content\/uploads\/2020\/11\/tupa_20201115_114633.jpg\" alt=\"\"><\/p>\n<h3>lomahossa-naava<\/h3>\n<\/li>\n<li>\n<p>        <img decoding=\"async\" src=\"\/wp-content\/uploads\/2020\/11\/naava_mh1.jpg\" alt=\"\"><\/p>\n<h3>lomahossa-naava<\/h3>\n<\/li>\n<li>\n<p>        <img decoding=\"async\" src=\"\/wp-content\/uploads\/2020\/11\/naava_mh2.jpg\" alt=\"\"><\/p>\n<h3>lomahossa-naava<\/h3>\n<\/li>\n<li>\n<p>        <img decoding=\"async\" src=\"\/wp-content\/uploads\/2020\/11\/Naava_sauna.jpg\" alt=\"\"><\/p>\n<h3>lomahossa-naava<\/h3>\n<\/li>\n<li>\n<p>        <img decoding=\"async\" src=\"\/wp-content\/uploads\/2020\/11\/sauna_20201106_152945.jpg\" alt=\"\"><\/p>\n<h3>lomahossa-naava<\/h3>\n<\/li>\n<li>\n<p>        <img decoding=\"async\" src=\"\/wp-content\/uploads\/2020\/11\/suihkuh_20201106_152915.jpg\" alt=\"\"><\/p>\n<h3>lomahossa-naava<\/h3>\n<\/li>\n<li>\n<p>        <img decoding=\"async\" src=\"\/wp-content\/uploads\/2020\/11\/toilet_20201115_115234.jpg\" alt=\"\"><\/p>\n<h3>lomahossa-naava<\/h3>\n<\/li>\n<\/ul>\n<p><!--more--><br \/>\n<!-- {\"name\":\"mokkisivun pohja\",\"type\":\"layout\",\"children\":[{\"type\":\"section\",\"props\":{\"image_position\":\"center-center\",\"padding\":\"none\",\"style\":\"default\",\"title_breakpoint\":\"xl\",\"title_position\":\"top-left\",\"title_rotation\":\"left\",\"vertical_align\":\"\",\"width\":\"\"},\"children\":[{\"type\":\"row\",\"children\":[{\"type\":\"column\",\"props\":{\"image_position\":\"center-center\",\"position_sticky_breakpoint\":\"m\",\"width_medium\":\"1-1\"},\"children\":[{\"type\":\"image\",\"props\":{\"image\":\"wp-content\\\/uploads\\\/2020\\\/11\\\/Naava_lumi.jpg\",\"image_alt\":\"Naavam\\u00f6kki\",\"image_svg_color\":\"emphasis\",\"margin\":\"default\"}}]}]}]},{\"type\":\"section\",\"props\":{\"image_position\":\"center-center\",\"style\":\"default\",\"title_breakpoint\":\"xl\",\"title_position\":\"top-left\",\"title_rotation\":\"left\",\"vertical_align\":\"\",\"width\":\"default\"},\"children\":[{\"type\":\"row\",\"props\":{\"layout\":\"2-3,1-3\"},\"children\":[{\"type\":\"column\",\"props\":{\"image_position\":\"center-center\",\"position_sticky_breakpoint\":\"m\",\"width_medium\":\"2-3\"},\"children\":[{\"type\":\"headline\",\"props\":{\"content\":\"Naavam\\u00f6kki Cottage\",\"title_decoration\":\"divider\",\"title_element\":\"h1\",\"title_style\":\"heading-medium\"},\"name\":\"otsikko\"},{\"type\":\"headline\",\"props\":{\"content\":\"4 + 1 persons\",\"margin_remove_top\":true,\"title_element\":\"h6\",\"title_style\":\"h6\"},\"name\":\"hl\\u00f6\"},{\"type\":\"text\",\"props\":{\"column_breakpoint\":\"m\",\"content\":\"\n\n<p>The year-round cottage is located in its own peace on the shores of the bright Lake \\u00d6ll\\u00f6rij\\u00e4rvi. In the direction of Hossa National Park nearby. The cottage was completed in October 2020.<\\\/p>\\n\n\n<p>The cottage has electricity, toilet, radio and electric sauna. The cottage has a living room\\\/kitchen and two bedrooms.<\\\/p>\\n\n\n<p>Lake \\u00d6ll\\u00f6rij\\u00e4rvi looks from the windows of the cottage and sauna and has shoreline and a rowing boat.<\\\/p>\\n\n\n<p><b>Pets are not allowed in this cottage!<\\\/b><\\\/p>\",\"margin\":\"default\"},\"name\":\"kuvaus\"},{\"type\":\"text\",\"props\":{\"column\":\"1-3\",\"column_breakpoint\":\"m\",\"content\":\"\n\n<ul>\\n\n\n<li>Electric stove<\\\/li>\\n\n\n<li>Refrigerator<\\\/li>\\n\n\n<li>Microwave oven<\\\/li>\\n\n\n<li>Dishwasher\\n\n\n<li>Set of dishes<\\\/li>\\n\n\n<li>Coffee maker<\\\/li>\\n\n\n<li>Televisio<\\\/li>\\n\n\n<li>Wifi<\\\/li>\\n\n\n<li>Fireplace<\\\/li>\\n\n\n<li>wc<\\\/li>\\n\n\n<li>Shower<\\\/li>\\n\n\n<li>Sauna<\\\/li>\\n<\\\/ul>\",\"margin\":\"default\"},\"name\":\"Varustus\"},{\"type\":\"text\",\"props\":{\"column_breakpoint\":\"m\",\"content\":\"\n\n<p>140 \\u20ac\\\/2 persons\\\/night + 30 \\u20ac\\\/extra person\\\/night<br \\\/>5-12 years 15 \\u20ac\\\/person\\\/night<br \\\/>under 5 years free<br \\\/><br \\\/><\\\/p>\\n\n\n<h5>Note<\\\/h5>\\n\n\n<ul>\\n\n\n<li>Price include bedlinen<\\\/li>\\n\n\n<li>Minimum rent for 2 nights<\\\/li>\\n<\\\/ul>\",\"margin\":\"default\"},\"name\":\"Hinta\"}]},{\"type\":\"column\",\"props\":{\"image_position\":\"center-center\",\"position_sticky_breakpoint\":\"m\",\"width_medium\":\"1-3\"},\"children\":[{\"type\":\"text\",\"props\":{\"column_breakpoint\":\"m\",\"content\":\"<iframe src=\\\"https:\\\/\\\/lomahossa.bookingonline.fi\\\/stable\\\/integroitukalenteri.jsp?teema_id=2083&myyja_id=12466&kiintea_tuote_id=36281&kieli=UKN\\\"width=\\\"100%\\\" height=\\\"750px\\\"><\\\/iframe>\\n\",\"margin\":\"default\"},\"name\":\"kalenteripohja2\"}]}]}]},{\"type\":\"section\",\"props\":{\"image_position\":\"center-center\",\"style\":\"default\",\"title_breakpoint\":\"xl\",\"title_position\":\"top-left\",\"title_rotation\":\"left\",\"vertical_align\":\"\",\"width\":\"default\"},\"children\":[{\"type\":\"row\",\"children\":[{\"type\":\"column\",\"props\":{\"image_position\":\"center-center\",\"position_sticky_breakpoint\":\"m\",\"width_medium\":\"1-1\"},\"children\":[{\"type\":\"gallery\",\"props\":{\"content_display\":\"lightbox\",\"filter_align\":\"left\",\"filter_all\":true,\"filter_grid_breakpoint\":\"m\",\"filter_grid_width\":\"auto\",\"filter_position\":\"top\",\"filter_style\":\"tab\",\"grid_column_gap\":\"small\",\"grid_default\":\"1\",\"grid_medium\":\"4\",\"grid_row_gap\":\"small\",\"grid_small\":\"2\",\"image_height\":\"533\",\"image_transition\":\"scale-up\",\"image_width\":\"800\",\"item_animation\":true,\"lightbox\":true,\"lightbox_bg_close\":true,\"lightbox_image_orientation\":false,\"link_style\":\"default\",\"link_text\":\"\",\"margin\":\"default\",\"meta_align\":\"below-title\",\"meta_element\":\"div\",\"meta_style\":\"text-meta\",\"overlay_hover\":true,\"overlay_link\":true,\"overlay_mode\":\"cover\",\"overlay_padding\":\"small\",\"overlay_position\":\"center\",\"overlay_style\":\"\",\"overlay_transition\":\"fade\",\"overlay_transition_background\":false,\"parallax_easing\":\"1\",\"show_content\":false,\"show_hover_image\":false,\"show_hover_video\":true,\"show_link\":true,\"show_meta\":false,\"show_title\":false,\"text_align\":\"center\",\"text_color\":\"light\",\"title_display\":\"lightbox\",\"title_element\":\"h3\",\"title_hover_style\":\"reset\"},\"children\":[{\"type\":\"gallery_item\",\"props\":{\"image\":\"wp-content\\\/uploads\\\/2020\\\/11\\\/naava_tupa.jpg\",\"title\":\"lomahossa-naava\"}},{\"type\":\"gallery_item\",\"props\":{\"image\":\"wp-content\\\/uploads\\\/2020\\\/11\\\/tupa_20201115_114633.jpg\",\"title\":\"lomahossa-naava\"}},{\"type\":\"gallery_item\",\"props\":{\"image\":\"wp-content\\\/uploads\\\/2020\\\/11\\\/naava_mh1.jpg\",\"title\":\"lomahossa-naava\"}},{\"type\":\"gallery_item\",\"props\":{\"image\":\"wp-content\\\/uploads\\\/2020\\\/11\\\/naava_mh2.jpg\",\"title\":\"lomahossa-naava\"}},{\"type\":\"gallery_item\",\"props\":{\"image\":\"wp-content\\\/uploads\\\/2020\\\/11\\\/Naava_sauna.jpg\",\"title\":\"lomahossa-naava\"}},{\"type\":\"gallery_item\",\"props\":{\"image\":\"wp-content\\\/uploads\\\/2020\\\/11\\\/sauna_20201106_152945.jpg\",\"title\":\"lomahossa-naava\"}},{\"type\":\"gallery_item\",\"props\":{\"image\":\"wp-content\\\/uploads\\\/2020\\\/11\\\/suihkuh_20201106_152915.jpg\",\"title\":\"lomahossa-naava\"}},{\"type\":\"gallery_item\",\"props\":{\"image\":\"wp-content\\\/uploads\\\/2020\\\/11\\\/toilet_20201115_115234.jpg\",\"title\":\"lomahossa-naava\"}}]}]}]}]}],\"version\":\"4.5.7\"} --><\/p>\n","protected":false},"excerpt":{"rendered":"<p>Naavam\u00f6kki Cottage 4 + 1 persons The year-round cottage is located in its own peace on the shores of the bright Lake \u00d6ll\u00f6rij\u00e4rvi. In the direction of Hossa National Park nearby. The cottage was completed in October 2020. The cottage has electricity, toilet, radio and electric sauna. The cottage has a living room\/kitchen and two [&hellip;]<\/p>\n","protected":false},"author":3,"featured_media":40138,"parent":859,"menu_order":0,"comment_status":"closed","ping_status":"closed","template":"","meta":{"footnotes":""},"class_list":["post-40175","page","type-page","status-publish","has-post-thumbnail","hentry"],"yoast_head":"<title>Naava Cottage - Loma-Hossa, Finland<\/title>\n<meta name=\"description\" content=\"The year-round cottage is located in its own peace on the shores of the bright Lake \u00d6ll\u00f6rij\u00e4rvi. In the direction of Hossa National Park nearby.\" \/>\n<meta name=\"robots\" content=\"index, follow, max-snippet:-1, max-image-preview:large, max-video-preview:-1\" \/>\n<link rel=\"canonical\" href=\"https:\/\/loma-hossa.fi\/en\/accommodation\/naavamokki\/\" \/>\n<meta property=\"og:locale\" content=\"en_US\" \/>\n<meta property=\"og:type\" content=\"article\" \/>\n<meta property=\"og:title\" content=\"Naava Cottage - Loma-Hossa, Finland\" \/>\n<meta property=\"og:description\" content=\"The year-round cottage is located in its own peace on the shores of the bright Lake \u00d6ll\u00f6rij\u00e4rvi. In the direction of Hossa National Park nearby.\" \/>\n<meta property=\"og:url\" content=\"https:\/\/loma-hossa.fi\/en\/accommodation\/naavamokki\/\" \/>\n<meta property=\"og:site_name\" content=\"Loma-Hossa, Finland\" \/>\n<meta property=\"article:publisher\" content=\"https:\/\/www.facebook.com\/lomahossa\/\" \/>\n<meta property=\"article:modified_time\" content=\"2025-06-28T17:18:20+00:00\" \/>\n<meta property=\"og:image\" content=\"https:\/\/loma-hossa.fi\/wp-content\/uploads\/2020\/11\/Naava_lumi.jpg\" \/>\n\t<meta property=\"og:image:width\" content=\"1200\" \/>\n\t<meta property=\"og:image:height\" content=\"600\" \/>\n\t<meta property=\"og:image:type\" content=\"image\/jpeg\" \/>\n<meta name=\"twitter:card\" content=\"summary_large_image\" \/>\n<meta name=\"twitter:label1\" content=\"Est. reading time\" \/>\n\t<meta name=\"twitter:data1\" content=\"3 minutes\" \/>\n<script type=\"application\/ld+json\" class=\"yoast-schema-graph\">{\"@context\":\"https:\/\/schema.org\",\"@graph\":[{\"@type\":\"WebPage\",\"@id\":\"https:\/\/loma-hossa.fi\/en\/accommodation\/naavamokki\/\",\"url\":\"https:\/\/loma-hossa.fi\/en\/accommodation\/naavamokki\/\",\"name\":\"Naava Cottage - Loma-Hossa, Finland\",\"isPartOf\":{\"@id\":\"https:\/\/loma-hossa.fi\/en\/#website\"},\"primaryImageOfPage\":{\"@id\":\"https:\/\/loma-hossa.fi\/en\/accommodation\/naavamokki\/#primaryimage\"},\"image\":{\"@id\":\"https:\/\/loma-hossa.fi\/en\/accommodation\/naavamokki\/#primaryimage\"},\"thumbnailUrl\":\"https:\/\/loma-hossa.fi\/wp-content\/uploads\/2020\/11\/Naava_lumi.jpg\",\"datePublished\":\"2020-11-03T17:46:08+00:00\",\"dateModified\":\"2025-06-28T17:18:20+00:00\",\"description\":\"The year-round cottage is located in its own peace on the shores of the bright Lake \u00d6ll\u00f6rij\u00e4rvi. In the direction of Hossa National Park nearby.\",\"breadcrumb\":{\"@id\":\"https:\/\/loma-hossa.fi\/en\/accommodation\/naavamokki\/#breadcrumb\"},\"inLanguage\":\"en-US\",\"potentialAction\":[{\"@type\":\"ReadAction\",\"target\":[\"https:\/\/loma-hossa.fi\/en\/accommodation\/naavamokki\/\"]}]},{\"@type\":\"ImageObject\",\"inLanguage\":\"en-US\",\"@id\":\"https:\/\/loma-hossa.fi\/en\/accommodation\/naavamokki\/#primaryimage\",\"url\":\"https:\/\/loma-hossa.fi\/wp-content\/uploads\/2020\/11\/Naava_lumi.jpg\",\"contentUrl\":\"https:\/\/loma-hossa.fi\/wp-content\/uploads\/2020\/11\/Naava_lumi.jpg\",\"width\":1200,\"height\":600,\"caption\":\"Naava\"},{\"@type\":\"BreadcrumbList\",\"@id\":\"https:\/\/loma-hossa.fi\/en\/accommodation\/naavamokki\/#breadcrumb\",\"itemListElement\":[{\"@type\":\"ListItem\",\"position\":1,\"name\":\"Home\",\"item\":\"https:\/\/loma-hossa.fi\/en\/\"},{\"@type\":\"ListItem\",\"position\":2,\"name\":\"Accomodation close to Hossa National Park\",\"item\":\"https:\/\/loma-hossa.fi\/en\/accommodation\/\"},{\"@type\":\"ListItem\",\"position\":3,\"name\":\"Naava Cottage\"}]},{\"@type\":\"WebSite\",\"@id\":\"https:\/\/loma-hossa.fi\/en\/#website\",\"url\":\"https:\/\/loma-hossa.fi\/en\/\",\"name\":\"Loma-Hossa, Suomussalmi\",\"description\":\"Majoitusta Hossassa\",\"publisher\":{\"@id\":\"https:\/\/loma-hossa.fi\/en\/#organization\"},\"potentialAction\":[{\"@type\":\"SearchAction\",\"target\":{\"@type\":\"EntryPoint\",\"urlTemplate\":\"https:\/\/loma-hossa.fi\/en\/?s={search_term_string}\"},\"query-input\":{\"@type\":\"PropertyValueSpecification\",\"valueRequired\":true,\"valueName\":\"search_term_string\"}}],\"inLanguage\":\"en-US\"},{\"@type\":\"Organization\",\"@id\":\"https:\/\/loma-hossa.fi\/en\/#organization\",\"name\":\"Loma-Hossa\",\"url\":\"https:\/\/loma-hossa.fi\/en\/\",\"logo\":{\"@type\":\"ImageObject\",\"inLanguage\":\"en-US\",\"@id\":\"https:\/\/loma-hossa.fi\/en\/#\/schema\/logo\/image\/\",\"url\":\"https:\/\/loma-hossa.fi\/wp-content\/uploads\/2019\/05\/lomahossa-logo-syv.png\",\"contentUrl\":\"https:\/\/loma-hossa.fi\/wp-content\/uploads\/2019\/05\/lomahossa-logo-syv.png\",\"width\":280,\"height\":108,\"caption\":\"Loma-Hossa\"},\"image\":{\"@id\":\"https:\/\/loma-hossa.fi\/en\/#\/schema\/logo\/image\/\"},\"sameAs\":[\"https:\/\/www.facebook.com\/lomahossa\/\"]}]}<\/script>","yoast_head_json":{"title":"Naava Cottage - Loma-Hossa, Finland","description":"The year-round cottage is located in its own peace on the shores of the bright Lake \u00d6ll\u00f6rij\u00e4rvi. In the direction of Hossa National Park nearby.","robots":{"index":"index","follow":"follow","max-snippet":"max-snippet:-1","max-image-preview":"max-image-preview:large","max-video-preview":"max-video-preview:-1"},"canonical":"https:\/\/loma-hossa.fi\/en\/accommodation\/naavamokki\/","og_locale":"en_US","og_type":"article","og_title":"Naava Cottage - Loma-Hossa, Finland","og_description":"The year-round cottage is located in its own peace on the shores of the bright Lake \u00d6ll\u00f6rij\u00e4rvi. In the direction of Hossa National Park nearby.","og_url":"https:\/\/loma-hossa.fi\/en\/accommodation\/naavamokki\/","og_site_name":"Loma-Hossa, Finland","article_publisher":"https:\/\/www.facebook.com\/lomahossa\/","article_modified_time":"2025-06-28T17:18:20+00:00","og_image":[{"width":1200,"height":600,"url":"https:\/\/loma-hossa.fi\/wp-content\/uploads\/2020\/11\/Naava_lumi.jpg","type":"image\/jpeg"}],"twitter_card":"summary_large_image","twitter_misc":{"Est. reading time":"3 minutes"},"schema":{"@context":"https:\/\/schema.org","@graph":[{"@type":"WebPage","@id":"https:\/\/loma-hossa.fi\/en\/accommodation\/naavamokki\/","url":"https:\/\/loma-hossa.fi\/en\/accommodation\/naavamokki\/","name":"Naava Cottage - Loma-Hossa, Finland","isPartOf":{"@id":"https:\/\/loma-hossa.fi\/en\/#website"},"primaryImageOfPage":{"@id":"https:\/\/loma-hossa.fi\/en\/accommodation\/naavamokki\/#primaryimage"},"image":{"@id":"https:\/\/loma-hossa.fi\/en\/accommodation\/naavamokki\/#primaryimage"},"thumbnailUrl":"https:\/\/loma-hossa.fi\/wp-content\/uploads\/2020\/11\/Naava_lumi.jpg","datePublished":"2020-11-03T17:46:08+00:00","dateModified":"2025-06-28T17:18:20+00:00","description":"The year-round cottage is located in its own peace on the shores of the bright Lake \u00d6ll\u00f6rij\u00e4rvi. In the direction of Hossa National Park nearby.","breadcrumb":{"@id":"https:\/\/loma-hossa.fi\/en\/accommodation\/naavamokki\/#breadcrumb"},"inLanguage":"en-US","potentialAction":[{"@type":"ReadAction","target":["https:\/\/loma-hossa.fi\/en\/accommodation\/naavamokki\/"]}]},{"@type":"ImageObject","inLanguage":"en-US","@id":"https:\/\/loma-hossa.fi\/en\/accommodation\/naavamokki\/#primaryimage","url":"https:\/\/loma-hossa.fi\/wp-content\/uploads\/2020\/11\/Naava_lumi.jpg","contentUrl":"https:\/\/loma-hossa.fi\/wp-content\/uploads\/2020\/11\/Naava_lumi.jpg","width":1200,"height":600,"caption":"Naava"},{"@type":"BreadcrumbList","@id":"https:\/\/loma-hossa.fi\/en\/accommodation\/naavamokki\/#breadcrumb","itemListElement":[{"@type":"ListItem","position":1,"name":"Home","item":"https:\/\/loma-hossa.fi\/en\/"},{"@type":"ListItem","position":2,"name":"Accomodation close to Hossa National Park","item":"https:\/\/loma-hossa.fi\/en\/accommodation\/"},{"@type":"ListItem","position":3,"name":"Naava Cottage"}]},{"@type":"WebSite","@id":"https:\/\/loma-hossa.fi\/en\/#website","url":"https:\/\/loma-hossa.fi\/en\/","name":"Loma-Hossa, Suomussalmi","description":"Majoitusta Hossassa","publisher":{"@id":"https:\/\/loma-hossa.fi\/en\/#organization"},"potentialAction":[{"@type":"SearchAction","target":{"@type":"EntryPoint","urlTemplate":"https:\/\/loma-hossa.fi\/en\/?s={search_term_string}"},"query-input":{"@type":"PropertyValueSpecification","valueRequired":true,"valueName":"search_term_string"}}],"inLanguage":"en-US"},{"@type":"Organization","@id":"https:\/\/loma-hossa.fi\/en\/#organization","name":"Loma-Hossa","url":"https:\/\/loma-hossa.fi\/en\/","logo":{"@type":"ImageObject","inLanguage":"en-US","@id":"https:\/\/loma-hossa.fi\/en\/#\/schema\/logo\/image\/","url":"https:\/\/loma-hossa.fi\/wp-content\/uploads\/2019\/05\/lomahossa-logo-syv.png","contentUrl":"https:\/\/loma-hossa.fi\/wp-content\/uploads\/2019\/05\/lomahossa-logo-syv.png","width":280,"height":108,"caption":"Loma-Hossa"},"image":{"@id":"https:\/\/loma-hossa.fi\/en\/#\/schema\/logo\/image\/"},"sameAs":["https:\/\/www.facebook.com\/lomahossa\/"]}]}},"_links":{"self":[{"href":"https:\/\/loma-hossa.fi\/en\/wp-json\/wp\/v2\/pages\/40175","targetHints":{"allow":["GET"]}}],"collection":[{"href":"https:\/\/loma-hossa.fi\/en\/wp-json\/wp\/v2\/pages"}],"about":[{"href":"https:\/\/loma-hossa.fi\/en\/wp-json\/wp\/v2\/types\/page"}],"author":[{"embeddable":true,"href":"https:\/\/loma-hossa.fi\/en\/wp-json\/wp\/v2\/users\/3"}],"replies":[{"embeddable":true,"href":"https:\/\/loma-hossa.fi\/en\/wp-json\/wp\/v2\/comments?post=40175"}],"version-history":[{"count":10,"href":"https:\/\/loma-hossa.fi\/en\/wp-json\/wp\/v2\/pages\/40175\/revisions"}],"predecessor-version":[{"id":74023,"href":"https:\/\/loma-hossa.fi\/en\/wp-json\/wp\/v2\/pages\/40175\/revisions\/74023"}],"up":[{"embeddable":true,"href":"https:\/\/loma-hossa.fi\/en\/wp-json\/wp\/v2\/pages\/859"}],"wp:featuredmedia":[{"embeddable":true,"href":"https:\/\/loma-hossa.fi\/en\/wp-json\/wp\/v2\/media\/40138"}],"wp:attachment":[{"href":"https:\/\/loma-hossa.fi\/en\/wp-json\/wp\/v2\/media?parent=40175"}],"curies":[{"name":"wp","href":"https:\/\/api.w.org\/{rel}","templated":true}]}}