{"id":73692,"date":"2023-06-04T19:13:22","date_gmt":"2023-06-04T16:13:22","guid":{"rendered":"https:\/\/loma-hossa.fi\/?page_id=73692"},"modified":"2025-05-19T14:58:23","modified_gmt":"2025-05-19T11:58:23","slug":"hypas7","status":"publish","type":"page","link":"https:\/\/loma-hossa.fi\/en\/hypas7\/","title":{"rendered":"Hyp\u00e4s 7"},"content":{"rendered":"<p><img decoding=\"async\" src=\"\/wp-content\/uploads\/2023\/06\/hypas7_cottage_iso.jpg\" alt=\"Hyp\u00e4s7 cottage\"><\/p>\n<h1>Hyp\u00e4s 7 cottage<\/h1>\n<h6>4 + 1 persons, only used in the summer<\/h6>\n<div>\n<p>Hyp\u00e4n cottage is located on the sandy shore of Hyp\u00e4sj\u00e4rvi lake. It is a charming log cabin with a combined living room and kitchen, a separate bedroom, and a loft.<\/p>\n<p>Additionally, the cottage features a wood-burning sauna and an outdoor toilet. Water is sourced from a traditional well. The small bedroom is furnished with a double bed, and the loft has separate mattresses.<\/p>\n<p>The cottage has shoreline and a rowing boat.<\/p>\n<\/div>\n<div>\n<ul>\n<li>Electric stove<\/li>\n<li>Refrigerator<\/li>\n<li>Microwave<\/li>\n<li>Set of dishes<\/li>\n<li>Coffee maker<\/li>\n<li>TV<\/li>\n<li>Fire place<\/li>\n<li>Wood heated sauna<\/li>\n<li>Outdoor toilet<\/li>\n<li>Well wather<\/li>\n<\/ul>\n<\/div>\n<div>\n<h5>Note<\/h5>\n<ul>\n<li>Minimun rent for 2 nights<\/li>\n<li>Only in Summer<\/li>\n<\/ul>\n<\/div>\n<div><iframe loading=\"lazy\" src=\"https:\/\/lomahossa.bookingonline.fi\/stable\/integroitukalenteri.jsp?teema_id=2083&#038;myyja_id=12466&#038;kiintea_tuote_id=39495&#038;kieli=UKN\" width=\"100%\" height=\"750px\"><\/iframe>\n<\/div>\n<ul>\n<li>\n<p>        <img decoding=\"async\" src=\"\/wp-content\/uploads\/2023\/06\/hypas7_tupa.jpg\" alt=\"livinroom and kitchen\"><\/p>\n<h3>lomahossa-hypas7-livingroomkitchen<\/h3>\n<\/li>\n<li>\n<p>        <img decoding=\"async\" src=\"\/wp-content\/uploads\/2023\/06\/hypas7_mh.jpg\" alt=\"betroom\"><\/p>\n<h3>lomahossa-hypas7-bedroom<\/h3>\n<\/li>\n<li>\n<p>        <img decoding=\"async\" src=\"\/wp-content\/uploads\/2023\/06\/hypas7_parvi.jpg\" alt=\"hypas7 loft\"><\/p>\n<h3>lomahossa-hypas7-loft<\/h3>\n<\/li>\n<li>\n<p>        <img decoding=\"async\" src=\"\/wp-content\/uploads\/2023\/06\/hypas7_sauna.jpg\" alt=\"sauna\"><\/p>\n<h3>lomahossa-hypas7-sauna<\/h3>\n<\/li>\n<li>\n<p>        <img decoding=\"async\" src=\"\/wp-content\/uploads\/2023\/06\/hypas7_ranta.jpg\" alt=\"hypas7_ranta\"><\/p>\n<h3>lomahossa-hypas7-beach<\/h3>\n<\/li>\n<li>\n<p>        <img decoding=\"async\" src=\"\/wp-content\/uploads\/2023\/06\/hypas7_jarvi.jpg\" alt=\"\"><\/p>\n<h3>lomahossa-hypas7-lake<\/h3>\n<\/li>\n<li>\n<p>        <img decoding=\"async\" src=\"\/wp-content\/uploads\/2023\/06\/hypas7_8_kaivo.jpg\" alt=\"water well\"><\/p>\n<h3>lomahossa-hypas-water_well<\/h3>\n<\/li>\n<\/ul>\n<p><!--more--><br \/>\n<!-- {\"type\":\"layout\",\"children\":[{\"type\":\"section\",\"props\":{\"image_position\":\"center-center\",\"padding\":\"none\",\"style\":\"default\",\"title_breakpoint\":\"xl\",\"title_position\":\"top-left\",\"title_rotation\":\"left\",\"vertical_align\":\"\",\"width\":\"\"},\"children\":[{\"type\":\"row\",\"children\":[{\"type\":\"column\",\"props\":{\"image_position\":\"center-center\",\"position_sticky_breakpoint\":\"m\",\"width_medium\":\"1-1\"},\"children\":[{\"type\":\"image\",\"props\":{\"image\":\"wp-content\\\/uploads\\\/2023\\\/06\\\/hypas7_cottage_iso.jpg\",\"image_alt\":\"Hyp\\u00e4s7 cottage\",\"image_svg_color\":\"emphasis\",\"margin\":\"default\"}}]}]}]},{\"type\":\"section\",\"props\":{\"image_position\":\"center-center\",\"style\":\"default\",\"title_breakpoint\":\"xl\",\"title_position\":\"top-left\",\"title_rotation\":\"left\",\"vertical_align\":\"\",\"width\":\"default\"},\"children\":[{\"type\":\"row\",\"props\":{\"layout\":\"2-3,1-3\"},\"children\":[{\"type\":\"column\",\"props\":{\"image_position\":\"center-center\",\"position_sticky_breakpoint\":\"m\",\"width_medium\":\"2-3\"},\"children\":[{\"type\":\"headline\",\"props\":{\"content\":\"Hyp\\u00e4s 7 cottage\",\"title_decoration\":\"divider\",\"title_element\":\"h1\",\"title_style\":\"heading-medium\"},\"name\":\"otsikko\"},{\"type\":\"headline\",\"props\":{\"content\":\"4 + 1 persons, only used in the summer\",\"margin_remove_top\":true,\"title_element\":\"h6\",\"title_style\":\"h6\"},\"name\":\"hl\\u00f6\"},{\"type\":\"text\",\"props\":{\"column_breakpoint\":\"m\",\"content\":\"\n\n<p>Hyp\\u00e4n cottage is located on the sandy shore of Hyp\\u00e4sj\\u00e4rvi lake. It is a charming log cabin with a combined living room and kitchen, a separate bedroom, and a loft.<\\\/p>\\n\n\n<p>Additionally, the cottage features a wood-burning sauna and an outdoor toilet. Water is sourced from a traditional well. The small bedroom is furnished with a double bed, and the loft has separate mattresses.<\\\/p>\\n\n\n<p>The cottage has shoreline and a rowing boat.<\\\/p>\",\"margin\":\"default\"},\"name\":\"kuvaus\"},{\"type\":\"text\",\"props\":{\"column\":\"1-3\",\"column_breakpoint\":\"m\",\"content\":\"\n\n<ul>\\n\n\n<li>Electric stove<\\\/li>\\n\n\n<li>Refrigerator<\\\/li>\\n\n\n<li>Microwave<\\\/li>\\n\n\n<li>Set of dishes<\\\/li>\\n\n\n<li>Coffee maker<\\\/li>\\n\n\n<li>TV<\\\/li>\\n\n\n<li>Fire place<\\\/li>\\n\n\n<li>Wood heated sauna<\\\/li>\\n\n\n<li>Outdoor toilet<\\\/li>\\n\n\n<li>Well wather<\\\/li>\\n<\\\/ul>\",\"margin\":\"default\"},\"name\":\"Varustus\"},{\"type\":\"text\",\"props\":{\"column_breakpoint\":\"m\",\"content\":\"\n\n<h5>Note<\\\/h5>\\n\n\n<ul>\\n\n\n<li>Minimun rent for 2 nights<\\\/li>\\n\n\n<li>Only in Summer<\\\/li>\\n<\\\/ul>\",\"margin\":\"default\"},\"name\":\"Hinta\"}]},{\"type\":\"column\",\"props\":{\"image_position\":\"center-center\",\"position_sticky_breakpoint\":\"m\",\"width_medium\":\"1-3\"},\"children\":[{\"type\":\"text\",\"props\":{\"column_breakpoint\":\"m\",\"content\":\"<iframe src=\\\"https:\\\/\\\/lomahossa.bookingonline.fi\\\/stable\\\/integroitukalenteri.jsp?teema_id=2083&myyja_id=12466&kiintea_tuote_id=39495&kieli=UKN\\\" width=\\\"100%\\\" height=\\\"750px\\\"><\\\/iframe>\\n\",\"margin\":\"default\"},\"name\":\"kalenteripohja2\"}]}]}]},{\"type\":\"section\",\"props\":{\"image_position\":\"center-center\",\"style\":\"default\",\"title_breakpoint\":\"xl\",\"title_position\":\"top-left\",\"title_rotation\":\"left\",\"vertical_align\":\"\",\"width\":\"default\"},\"children\":[{\"type\":\"row\",\"children\":[{\"type\":\"column\",\"props\":{\"image_position\":\"center-center\",\"position_sticky_breakpoint\":\"m\",\"width_medium\":\"1-1\"},\"children\":[{\"type\":\"gallery\",\"props\":{\"content_display\":\"lightbox\",\"filter_align\":\"left\",\"filter_all\":true,\"filter_grid_breakpoint\":\"m\",\"filter_grid_width\":\"auto\",\"filter_position\":\"top\",\"filter_style\":\"tab\",\"grid_column_gap\":\"small\",\"grid_default\":\"1\",\"grid_medium\":\"4\",\"grid_row_gap\":\"small\",\"grid_small\":\"2\",\"image_height\":\"533\",\"image_transition\":\"scale-up\",\"image_width\":\"800\",\"item_animation\":true,\"lightbox\":true,\"lightbox_bg_close\":true,\"lightbox_image_orientation\":false,\"link_style\":\"default\",\"link_text\":\"\",\"margin\":\"default\",\"meta_align\":\"below-title\",\"meta_element\":\"div\",\"meta_style\":\"text-meta\",\"overlay_hover\":true,\"overlay_link\":true,\"overlay_mode\":\"cover\",\"overlay_padding\":\"small\",\"overlay_position\":\"center\",\"overlay_style\":\"\",\"overlay_transition\":\"fade\",\"overlay_transition_background\":false,\"parallax_easing\":\"1\",\"show_content\":false,\"show_hover_image\":false,\"show_hover_video\":true,\"show_link\":true,\"show_meta\":false,\"show_title\":false,\"text_align\":\"center\",\"text_color\":\"light\",\"title_display\":\"lightbox\",\"title_element\":\"h3\",\"title_hover_style\":\"reset\"},\"children\":[{\"type\":\"gallery_item\",\"props\":{\"image\":\"wp-content\\\/uploads\\\/2023\\\/06\\\/hypas7_tupa.jpg\",\"image_alt\":\"livinroom and kitchen\",\"title\":\"lomahossa-hypas7-livingroomkitchen\"}},{\"type\":\"gallery_item\",\"props\":{\"image\":\"wp-content\\\/uploads\\\/2023\\\/06\\\/hypas7_mh.jpg\",\"image_alt\":\"betroom\",\"title\":\"lomahossa-hypas7-bedroom\"}},{\"type\":\"gallery_item\",\"props\":{\"image\":\"wp-content\\\/uploads\\\/2023\\\/06\\\/hypas7_parvi.jpg\",\"image_alt\":\"hypas7 loft\",\"title\":\"lomahossa-hypas7-loft\"}},{\"type\":\"gallery_item\",\"props\":{\"image\":\"wp-content\\\/uploads\\\/2023\\\/06\\\/hypas7_sauna.jpg\",\"image_alt\":\"sauna\",\"title\":\"lomahossa-hypas7-sauna\"}},{\"type\":\"gallery_item\",\"props\":{\"image\":\"wp-content\\\/uploads\\\/2023\\\/06\\\/hypas7_ranta.jpg\",\"image_alt\":\"hypas7_ranta\",\"title\":\"lomahossa-hypas7-beach\"}},{\"type\":\"gallery_item\",\"props\":{\"image\":\"wp-content\\\/uploads\\\/2023\\\/06\\\/hypas7_jarvi.jpg\",\"title\":\"lomahossa-hypas7-lake\"}},{\"type\":\"gallery_item\",\"props\":{\"image\":\"wp-content\\\/uploads\\\/2023\\\/06\\\/hypas7_8_kaivo.jpg\",\"image_alt\":\"water well\",\"title\":\"lomahossa-hypas-water_well\"}}]}]}]}]}],\"version\":\"4.5.16\"} --><\/p>\n","protected":false},"excerpt":{"rendered":"<p>Hyp\u00e4s 7 cottage 4 + 1 persons, only used in the summer Hyp\u00e4n cottage is located on the sandy shore of Hyp\u00e4sj\u00e4rvi lake. It is a charming log cabin with a combined living room and kitchen, a separate bedroom, and a loft. Additionally, the cottage features a wood-burning sauna and an outdoor toilet. Water is [&hellip;]<\/p>\n","protected":false},"author":3,"featured_media":0,"parent":0,"menu_order":0,"comment_status":"closed","ping_status":"closed","template":"","meta":{"footnotes":""},"class_list":["post-73692","page","type-page","status-publish","hentry"],"yoast_head":"<title>Hyp\u00e4s 7 - Loma-Hossa, Finland<\/title>\n<meta name=\"robots\" content=\"index, follow, max-snippet:-1, max-image-preview:large, max-video-preview:-1\" \/>\n<link rel=\"canonical\" href=\"https:\/\/loma-hossa.fi\/en\/hypas7\/\" \/>\n<meta property=\"og:locale\" content=\"en_US\" \/>\n<meta property=\"og:type\" content=\"article\" \/>\n<meta property=\"og:title\" content=\"Hyp\u00e4s 7 - Loma-Hossa, Finland\" \/>\n<meta property=\"og:description\" content=\"Hyp\u00e4s 7 cottage 4 + 1 persons, only used in the summer Hyp\u00e4n cottage is located on the sandy shore of Hyp\u00e4sj\u00e4rvi lake. It is a charming log cabin with a combined living room and kitchen, a separate bedroom, and a loft. Additionally, the cottage features a wood-burning sauna and an outdoor toilet. Water is [&hellip;]\" \/>\n<meta property=\"og:url\" content=\"https:\/\/loma-hossa.fi\/en\/hypas7\/\" \/>\n<meta property=\"og:site_name\" content=\"Loma-Hossa, Finland\" \/>\n<meta property=\"article:publisher\" content=\"https:\/\/www.facebook.com\/lomahossa\/\" \/>\n<meta property=\"article:modified_time\" content=\"2025-05-19T11:58:23+00:00\" \/>\n<meta name=\"twitter:card\" content=\"summary_large_image\" \/>\n<meta name=\"twitter:label1\" content=\"Est. reading time\" \/>\n\t<meta name=\"twitter:data1\" content=\"3 minutes\" \/>\n<script type=\"application\/ld+json\" class=\"yoast-schema-graph\">{\"@context\":\"https:\/\/schema.org\",\"@graph\":[{\"@type\":\"WebPage\",\"@id\":\"https:\/\/loma-hossa.fi\/en\/hypas7\/\",\"url\":\"https:\/\/loma-hossa.fi\/en\/hypas7\/\",\"name\":\"Hyp\u00e4s 7 - Loma-Hossa, Finland\",\"isPartOf\":{\"@id\":\"https:\/\/loma-hossa.fi\/en\/#website\"},\"datePublished\":\"2023-06-04T16:13:22+00:00\",\"dateModified\":\"2025-05-19T11:58:23+00:00\",\"breadcrumb\":{\"@id\":\"https:\/\/loma-hossa.fi\/en\/hypas7\/#breadcrumb\"},\"inLanguage\":\"en-US\",\"potentialAction\":[{\"@type\":\"ReadAction\",\"target\":[\"https:\/\/loma-hossa.fi\/en\/hypas7\/\"]}]},{\"@type\":\"BreadcrumbList\",\"@id\":\"https:\/\/loma-hossa.fi\/en\/hypas7\/#breadcrumb\",\"itemListElement\":[{\"@type\":\"ListItem\",\"position\":1,\"name\":\"Home\",\"item\":\"https:\/\/loma-hossa.fi\/en\/\"},{\"@type\":\"ListItem\",\"position\":2,\"name\":\"Hyp\u00e4s 7\"}]},{\"@type\":\"WebSite\",\"@id\":\"https:\/\/loma-hossa.fi\/en\/#website\",\"url\":\"https:\/\/loma-hossa.fi\/en\/\",\"name\":\"Loma-Hossa, Suomussalmi\",\"description\":\"Majoitusta Hossassa\",\"publisher\":{\"@id\":\"https:\/\/loma-hossa.fi\/en\/#organization\"},\"potentialAction\":[{\"@type\":\"SearchAction\",\"target\":{\"@type\":\"EntryPoint\",\"urlTemplate\":\"https:\/\/loma-hossa.fi\/en\/?s={search_term_string}\"},\"query-input\":{\"@type\":\"PropertyValueSpecification\",\"valueRequired\":true,\"valueName\":\"search_term_string\"}}],\"inLanguage\":\"en-US\"},{\"@type\":\"Organization\",\"@id\":\"https:\/\/loma-hossa.fi\/en\/#organization\",\"name\":\"Loma-Hossa\",\"url\":\"https:\/\/loma-hossa.fi\/en\/\",\"logo\":{\"@type\":\"ImageObject\",\"inLanguage\":\"en-US\",\"@id\":\"https:\/\/loma-hossa.fi\/en\/#\/schema\/logo\/image\/\",\"url\":\"https:\/\/loma-hossa.fi\/wp-content\/uploads\/2019\/05\/lomahossa-logo-syv.png\",\"contentUrl\":\"https:\/\/loma-hossa.fi\/wp-content\/uploads\/2019\/05\/lomahossa-logo-syv.png\",\"width\":280,\"height\":108,\"caption\":\"Loma-Hossa\"},\"image\":{\"@id\":\"https:\/\/loma-hossa.fi\/en\/#\/schema\/logo\/image\/\"},\"sameAs\":[\"https:\/\/www.facebook.com\/lomahossa\/\"]}]}<\/script>","yoast_head_json":{"title":"Hyp\u00e4s 7 - Loma-Hossa, Finland","robots":{"index":"index","follow":"follow","max-snippet":"max-snippet:-1","max-image-preview":"max-image-preview:large","max-video-preview":"max-video-preview:-1"},"canonical":"https:\/\/loma-hossa.fi\/en\/hypas7\/","og_locale":"en_US","og_type":"article","og_title":"Hyp\u00e4s 7 - Loma-Hossa, Finland","og_description":"Hyp\u00e4s 7 cottage 4 + 1 persons, only used in the summer Hyp\u00e4n cottage is located on the sandy shore of Hyp\u00e4sj\u00e4rvi lake. It is a charming log cabin with a combined living room and kitchen, a separate bedroom, and a loft. Additionally, the cottage features a wood-burning sauna and an outdoor toilet. Water is [&hellip;]","og_url":"https:\/\/loma-hossa.fi\/en\/hypas7\/","og_site_name":"Loma-Hossa, Finland","article_publisher":"https:\/\/www.facebook.com\/lomahossa\/","article_modified_time":"2025-05-19T11:58:23+00:00","twitter_card":"summary_large_image","twitter_misc":{"Est. reading time":"3 minutes"},"schema":{"@context":"https:\/\/schema.org","@graph":[{"@type":"WebPage","@id":"https:\/\/loma-hossa.fi\/en\/hypas7\/","url":"https:\/\/loma-hossa.fi\/en\/hypas7\/","name":"Hyp\u00e4s 7 - Loma-Hossa, Finland","isPartOf":{"@id":"https:\/\/loma-hossa.fi\/en\/#website"},"datePublished":"2023-06-04T16:13:22+00:00","dateModified":"2025-05-19T11:58:23+00:00","breadcrumb":{"@id":"https:\/\/loma-hossa.fi\/en\/hypas7\/#breadcrumb"},"inLanguage":"en-US","potentialAction":[{"@type":"ReadAction","target":["https:\/\/loma-hossa.fi\/en\/hypas7\/"]}]},{"@type":"BreadcrumbList","@id":"https:\/\/loma-hossa.fi\/en\/hypas7\/#breadcrumb","itemListElement":[{"@type":"ListItem","position":1,"name":"Home","item":"https:\/\/loma-hossa.fi\/en\/"},{"@type":"ListItem","position":2,"name":"Hyp\u00e4s 7"}]},{"@type":"WebSite","@id":"https:\/\/loma-hossa.fi\/en\/#website","url":"https:\/\/loma-hossa.fi\/en\/","name":"Loma-Hossa, Suomussalmi","description":"Majoitusta Hossassa","publisher":{"@id":"https:\/\/loma-hossa.fi\/en\/#organization"},"potentialAction":[{"@type":"SearchAction","target":{"@type":"EntryPoint","urlTemplate":"https:\/\/loma-hossa.fi\/en\/?s={search_term_string}"},"query-input":{"@type":"PropertyValueSpecification","valueRequired":true,"valueName":"search_term_string"}}],"inLanguage":"en-US"},{"@type":"Organization","@id":"https:\/\/loma-hossa.fi\/en\/#organization","name":"Loma-Hossa","url":"https:\/\/loma-hossa.fi\/en\/","logo":{"@type":"ImageObject","inLanguage":"en-US","@id":"https:\/\/loma-hossa.fi\/en\/#\/schema\/logo\/image\/","url":"https:\/\/loma-hossa.fi\/wp-content\/uploads\/2019\/05\/lomahossa-logo-syv.png","contentUrl":"https:\/\/loma-hossa.fi\/wp-content\/uploads\/2019\/05\/lomahossa-logo-syv.png","width":280,"height":108,"caption":"Loma-Hossa"},"image":{"@id":"https:\/\/loma-hossa.fi\/en\/#\/schema\/logo\/image\/"},"sameAs":["https:\/\/www.facebook.com\/lomahossa\/"]}]}},"_links":{"self":[{"href":"https:\/\/loma-hossa.fi\/en\/wp-json\/wp\/v2\/pages\/73692","targetHints":{"allow":["GET"]}}],"collection":[{"href":"https:\/\/loma-hossa.fi\/en\/wp-json\/wp\/v2\/pages"}],"about":[{"href":"https:\/\/loma-hossa.fi\/en\/wp-json\/wp\/v2\/types\/page"}],"author":[{"embeddable":true,"href":"https:\/\/loma-hossa.fi\/en\/wp-json\/wp\/v2\/users\/3"}],"replies":[{"embeddable":true,"href":"https:\/\/loma-hossa.fi\/en\/wp-json\/wp\/v2\/comments?post=73692"}],"version-history":[{"count":10,"href":"https:\/\/loma-hossa.fi\/en\/wp-json\/wp\/v2\/pages\/73692\/revisions"}],"predecessor-version":[{"id":73952,"href":"https:\/\/loma-hossa.fi\/en\/wp-json\/wp\/v2\/pages\/73692\/revisions\/73952"}],"wp:attachment":[{"href":"https:\/\/loma-hossa.fi\/en\/wp-json\/wp\/v2\/media?parent=73692"}],"curies":[{"name":"wp","href":"https:\/\/api.w.org\/{rel}","templated":true}]}}