{"id":74101,"date":"2026-02-06T15:41:41","date_gmt":"2026-02-06T13:41:41","guid":{"rendered":"https:\/\/loma-hossa.fi\/?page_id=74101"},"modified":"2026-02-08T16:15:09","modified_gmt":"2026-02-08T14:15:09","slug":"paaskylahti","status":"publish","type":"page","link":"https:\/\/loma-hossa.fi\/en\/paaskylahti\/","title":{"rendered":"P\u00e4\u00e4skylahti"},"content":{"rendered":"<p><img decoding=\"async\" src=\"\/wp-content\/uploads\/2026\/02\/PL_iso.jpg\" alt=\"P\u00e4\u00e4skylahti\"><\/p>\n<h1>P\u00e4\u00e4skylahti<\/h1>\n<h6>4+1 persons<\/h6>\n<div>\n<p data-start=\"84\" data-end=\"132\"><strong data-start=\"84\" data-end=\"132\">Cozy Two-Storey Holiday Home Near Lake Hossa<\/strong><\/p>\n<p data-start=\"134\" data-end=\"346\">This approximately 100 m\u00b2 two-storey house offers comfortable accommodation for couples and families in a peaceful natural setting in Hossa. Built in 1977, the house is well suited for short-term holiday rentals.<\/p>\n<p data-start=\"348\" data-end=\"611\">On the ground floor there is a living room, a fully equipped kitchen, one bedroom, a WC, and a traditional wood-heated sauna. Upstairs you will find a second bedroom and a separate WC. The house accommodates up to four guests, with one additional extra bed (4+1).<\/p>\n<p data-start=\"613\" data-end=\"763\">Lake Hossa is located just about 100 metres from the house, providing easy access to swimming and enjoying the surrounding nature throughout the year.<\/p>\n<p><b>The property is also available for long-term rental under a separate agreement.<\/b><\/p>\n<\/div>\n<div>\n<ul>\n<li>Electric stove<\/li>\n<li>Refrigerator<\/li>\n<li>Coffee maker and kettle<\/li>\n<li>Microwave oven<\/li>\n<li>Set of dishes<\/li>\n<li>televisio<\/li>\n<li>fireplace<\/li>\n<li>sauna and shower<\/li>\n<li>2 toilets<\/li>\n<\/ul>\n<\/div>\n<div>\n<h5>Huomioitavaa<\/h5>\n<ul>\n<li>Minimum rent for 2 nights<\/li>\n<li>Price include bedlinen<\/li>\n<\/ul>\n<\/div>\n<div><iframe loading=\"lazy\" src=\"https:\/\/lomahossa.bookingonline.fi\/stable\/integroitukalenteri.jsp?teema_id=2083&#038;myyja_id=12466&#038;kiintea_tuote_id=40793&#038;kieli=UKN\" width=\"100%\" height=\"750px\"><\/iframe>\n<\/div>\n<ul>\n<li>\n<p>        <img decoding=\"async\" src=\"\/wp-content\/uploads\/2026\/02\/PL_olohuone.jpg\" alt=\"Olohuone\"><\/p>\n<h3>lomahossa-paaskylahti-oh<\/h3>\n<\/li>\n<li>\n<p>        <img decoding=\"async\" src=\"\/wp-content\/uploads\/2026\/02\/PL_keittio.jpg\" alt=\"Keitti\u00f6\"><\/p>\n<h3>lomahossa-paaskylahti-kitchen<\/h3>\n<\/li>\n<li>\n<p>        <img decoding=\"async\" src=\"\/wp-content\/uploads\/2026\/02\/PL_makuuhuone_alak.jpg\" alt=\"Lampim\u00f6kki makuuhuone\"><\/p>\n<h3>lomahossa-paaskylahti-betroom<\/h3>\n<\/li>\n<li>\n<p>        <img decoding=\"async\" src=\"\/wp-content\/uploads\/2026\/02\/PL_makuuhuone_ylak.jpg\" alt=\"Lampim\u00f6kki pesuhuone ja sauna\"><\/p>\n<h3>lomahossa-paaskylahti-betroom2<\/h3>\n<\/li>\n<li>\n<p>        <img decoding=\"async\" src=\"\/wp-content\/uploads\/2026\/02\/PL_ylakerta_oleskelu.jpg\" alt=\"Lampim\u00f6kki terassi\"><\/p>\n<h3>lomahossa-paaskylahti-upstairs<\/h3>\n<\/li>\n<li>\n<p>        <img decoding=\"async\" src=\"\/wp-content\/uploads\/2026\/02\/PL_sauna.jpg\" alt=\"\"><\/p>\n<h3>lomahossa-paaskylahti-sauna<\/h3>\n<\/li>\n<li>\n<p>        <img decoding=\"async\" src=\"\/wp-content\/uploads\/2026\/02\/PL_toilet.jpg\" alt=\"Lampim\u00f6kki yl\u00e4kerta\"><\/p>\n<h3>lomahossa-paaskylahti-toilet<\/h3>\n<\/li>\n<\/ul>\n<p><!--more--><br \/>\n<!-- {\"type\":\"layout\",\"children\":[{\"type\":\"section\",\"props\":{\"image_position\":\"center-center\",\"padding\":\"none\",\"style\":\"default\",\"title_breakpoint\":\"xl\",\"title_position\":\"top-left\",\"title_rotation\":\"left\",\"vertical_align\":\"\",\"width\":\"\"},\"children\":[{\"type\":\"row\",\"children\":[{\"type\":\"column\",\"props\":{\"image_position\":\"center-center\",\"position_sticky_breakpoint\":\"m\",\"width_medium\":\"1-1\"},\"children\":[{\"type\":\"image\",\"props\":{\"image\":\"wp-content\\\/uploads\\\/2026\\\/02\\\/PL_iso.jpg\",\"image_alt\":\"P\\u00e4\\u00e4skylahti\",\"image_svg_color\":\"emphasis\",\"margin\":\"default\"}}]}]}]},{\"type\":\"section\",\"props\":{\"image_position\":\"center-center\",\"style\":\"default\",\"title_breakpoint\":\"xl\",\"title_position\":\"top-left\",\"title_rotation\":\"left\",\"vertical_align\":\"\",\"width\":\"default\"},\"children\":[{\"type\":\"row\",\"props\":{\"layout\":\"2-3,1-3\"},\"children\":[{\"type\":\"column\",\"props\":{\"image_position\":\"center-center\",\"position_sticky_breakpoint\":\"m\",\"width_medium\":\"2-3\"},\"children\":[{\"type\":\"headline\",\"props\":{\"content\":\"P\\u00e4\\u00e4skylahti\",\"title_decoration\":\"divider\",\"title_element\":\"h1\",\"title_style\":\"heading-medium\"},\"name\":\"otsikko\"},{\"type\":\"headline\",\"props\":{\"content\":\"4+1 persons\",\"margin_remove_top\":true,\"title_element\":\"h6\",\"title_style\":\"h6\"},\"name\":\"hl\\u00f6\"},{\"type\":\"text\",\"props\":{\"column_breakpoint\":\"m\",\"content\":\"\n\n<p data-start=\\\"84\\\" data-end=\\\"132\\\"><strong data-start=\\\"84\\\" data-end=\\\"132\\\">Cozy Two-Storey Holiday Home Near Lake Hossa<\\\/strong><\\\/p>\\n\n\n<p data-start=\\\"134\\\" data-end=\\\"346\\\">This approximately 100 m\\u00b2 two-storey house offers comfortable accommodation for couples and families in a peaceful natural setting in Hossa. Built in 1977, the house is well suited for short-term holiday rentals.<\\\/p>\\n\n\n<p data-start=\\\"348\\\" data-end=\\\"611\\\">On the ground floor there is a living room, a fully equipped kitchen, one bedroom, a WC, and a traditional wood-heated sauna. Upstairs you will find a second bedroom and a separate WC. The house accommodates up to four guests, with one additional extra bed (4+1).<\\\/p>\\n\n\n<p data-start=\\\"613\\\" data-end=\\\"763\\\">Lake Hossa is located just about 100 metres from the house, providing easy access to swimming and enjoying the surrounding nature throughout the year.<\\\/p>\\n\\n<b>The property is also available for long-term rental under a separate agreement.<\\\/b>\\n\\n\",\"margin\":\"default\"},\"name\":\"kuvaus\"},{\"type\":\"text\",\"props\":{\"column\":\"1-3\",\"column_breakpoint\":\"m\",\"content\":\"\n\n<ul>\\n\n\n<li>Electric stove<\\\/li>\\n\n\n<li>Refrigerator<\\\/li>\\n\n\n<li>Coffee maker and kettle<\\\/li>\\n\n\n<li>Microwave oven<\\\/li>\\n\n\n<li>Set of dishes<\\\/li>\\n\n\n<li>televisio<\\\/li>\\n\n\n<li>fireplace<\\\/li>\\n\n\n<li>sauna and shower<\\\/li>\\n\n\n<li>2 toilets<\\\/li>\\n<\\\/ul>\",\"margin\":\"default\"},\"name\":\"Varustus\"},{\"type\":\"text\",\"props\":{\"column_breakpoint\":\"m\",\"content\":\"\n\n<h5>Huomioitavaa<\\\/h5>\\n\n\n<ul>\\n\n\n<li>Minimum rent for 2 nights<\\\/li>\\n\n\n<li>Price include bedlinen<\\\/li>\\n<\\\/ul>\",\"margin\":\"default\"},\"name\":\"Hinta\"}]},{\"type\":\"column\",\"props\":{\"image_position\":\"center-center\",\"position_sticky_breakpoint\":\"m\",\"width_medium\":\"1-3\"},\"children\":[{\"type\":\"text\",\"props\":{\"column_breakpoint\":\"m\",\"content\":\"<iframe src=\\\"https:\\\/\\\/lomahossa.bookingonline.fi\\\/stable\\\/integroitukalenteri.jsp?teema_id=2083&myyja_id=12466&kiintea_tuote_id=40793&kieli=UKN\\\" width=\\\"100%\\\" height=\\\"750px\\\"><\\\/iframe>\\n\",\"margin\":\"default\"},\"name\":\"kalenteri\"}]}]}]},{\"type\":\"section\",\"props\":{\"image_position\":\"center-center\",\"style\":\"default\",\"title_breakpoint\":\"xl\",\"title_position\":\"top-left\",\"title_rotation\":\"left\",\"vertical_align\":\"\",\"width\":\"default\"},\"children\":[{\"type\":\"row\",\"children\":[{\"type\":\"column\",\"props\":{\"image_position\":\"center-center\",\"position_sticky_breakpoint\":\"m\",\"width_medium\":\"1-1\"},\"children\":[{\"type\":\"gallery\",\"props\":{\"content_display\":\"lightbox\",\"filter_align\":\"left\",\"filter_all\":true,\"filter_grid_breakpoint\":\"m\",\"filter_grid_width\":\"auto\",\"filter_position\":\"top\",\"filter_style\":\"tab\",\"grid_column_gap\":\"small\",\"grid_default\":\"1\",\"grid_medium\":\"4\",\"grid_row_gap\":\"small\",\"grid_small\":\"2\",\"image_height\":\"533\",\"image_transition\":\"scale-up\",\"image_width\":\"800\",\"item_animation\":true,\"lightbox\":true,\"lightbox_bg_close\":true,\"lightbox_image_orientation\":false,\"link_style\":\"default\",\"link_text\":\"\",\"margin\":\"default\",\"meta_align\":\"below-title\",\"meta_element\":\"div\",\"meta_style\":\"text-meta\",\"overlay_hover\":true,\"overlay_link\":true,\"overlay_mode\":\"cover\",\"overlay_padding\":\"small\",\"overlay_position\":\"center\",\"overlay_style\":\"\",\"overlay_transition\":\"fade\",\"overlay_transition_background\":false,\"parallax_easing\":\"1\",\"show_content\":false,\"show_hover_image\":false,\"show_hover_video\":true,\"show_link\":true,\"show_meta\":false,\"show_title\":false,\"text_align\":\"center\",\"text_color\":\"light\",\"title_display\":\"lightbox\",\"title_element\":\"h3\",\"title_hover_style\":\"reset\"},\"children\":[{\"type\":\"gallery_item\",\"props\":{\"image\":\"wp-content\\\/uploads\\\/2026\\\/02\\\/PL_olohuone.jpg\",\"image_alt\":\"Olohuone\",\"title\":\"lomahossa-paaskylahti-oh\"}},{\"type\":\"gallery_item\",\"props\":{\"image\":\"wp-content\\\/uploads\\\/2026\\\/02\\\/PL_keittio.jpg\",\"image_alt\":\"Keitti\\u00f6\",\"title\":\"lomahossa-paaskylahti-kitchen\"}},{\"type\":\"gallery_item\",\"props\":{\"image\":\"wp-content\\\/uploads\\\/2026\\\/02\\\/PL_makuuhuone_alak.jpg\",\"image_alt\":\"Lampim\\u00f6kki makuuhuone\",\"title\":\"lomahossa-paaskylahti-betroom\"}},{\"type\":\"gallery_item\",\"props\":{\"image\":\"wp-content\\\/uploads\\\/2026\\\/02\\\/PL_makuuhuone_ylak.jpg\",\"image_alt\":\"Lampim\\u00f6kki pesuhuone ja sauna\",\"title\":\"lomahossa-paaskylahti-betroom2\"}},{\"type\":\"gallery_item\",\"props\":{\"image\":\"wp-content\\\/uploads\\\/2026\\\/02\\\/PL_ylakerta_oleskelu.jpg\",\"image_alt\":\"Lampim\\u00f6kki terassi\",\"title\":\"lomahossa-paaskylahti-upstairs\"}},{\"type\":\"gallery_item\",\"props\":{\"image\":\"wp-content\\\/uploads\\\/2026\\\/02\\\/PL_sauna.jpg\",\"title\":\"lomahossa-paaskylahti-sauna\"}},{\"type\":\"gallery_item\",\"props\":{\"image\":\"wp-content\\\/uploads\\\/2026\\\/02\\\/PL_toilet.jpg\",\"image_alt\":\"Lampim\\u00f6kki yl\\u00e4kerta\",\"title\":\"lomahossa-paaskylahti-toilet\"}}]}]}]}]}],\"version\":\"4.5.32\"} --><\/p>\n","protected":false},"excerpt":{"rendered":"<p>P\u00e4\u00e4skylahti 4+1 persons Cozy Two-Storey Holiday Home Near Lake Hossa This approximately 100 m\u00b2 two-storey house offers comfortable accommodation for couples and families in a peaceful natural setting in Hossa. Built in 1977, the house is well suited for short-term holiday rentals. On the ground floor there is a living room, a fully equipped kitchen, [&hellip;]<\/p>\n","protected":false},"author":3,"featured_media":0,"parent":0,"menu_order":0,"comment_status":"closed","ping_status":"closed","template":"","meta":{"footnotes":""},"class_list":["post-74101","page","type-page","status-publish","hentry"],"yoast_head":"<title>P\u00e4\u00e4skylahti - Loma-Hossa, Finland<\/title>\n<meta name=\"robots\" content=\"index, follow, max-snippet:-1, max-image-preview:large, max-video-preview:-1\" \/>\n<link rel=\"canonical\" href=\"https:\/\/loma-hossa.fi\/en\/paaskylahti\/\" \/>\n<meta property=\"og:locale\" content=\"en_US\" \/>\n<meta property=\"og:type\" content=\"article\" \/>\n<meta property=\"og:title\" content=\"P\u00e4\u00e4skylahti - Loma-Hossa, Finland\" \/>\n<meta property=\"og:description\" content=\"P\u00e4\u00e4skylahti 4+1 persons Cozy Two-Storey Holiday Home Near Lake Hossa This approximately 100 m\u00b2 two-storey house offers comfortable accommodation for couples and families in a peaceful natural setting in Hossa. Built in 1977, the house is well suited for short-term holiday rentals. On the ground floor there is a living room, a fully equipped kitchen, [&hellip;]\" \/>\n<meta property=\"og:url\" content=\"https:\/\/loma-hossa.fi\/en\/paaskylahti\/\" \/>\n<meta property=\"og:site_name\" content=\"Loma-Hossa, Finland\" \/>\n<meta property=\"article:publisher\" content=\"https:\/\/www.facebook.com\/lomahossa\/\" \/>\n<meta property=\"article:modified_time\" content=\"2026-02-08T14:15:09+00:00\" \/>\n<meta name=\"twitter:card\" content=\"summary_large_image\" \/>\n<script type=\"application\/ld+json\" class=\"yoast-schema-graph\">{\"@context\":\"https:\/\/schema.org\",\"@graph\":[{\"@type\":\"WebPage\",\"@id\":\"https:\/\/loma-hossa.fi\/en\/paaskylahti\/\",\"url\":\"https:\/\/loma-hossa.fi\/en\/paaskylahti\/\",\"name\":\"P\u00e4\u00e4skylahti - Loma-Hossa, Finland\",\"isPartOf\":{\"@id\":\"https:\/\/loma-hossa.fi\/en\/#website\"},\"datePublished\":\"2026-02-06T13:41:41+00:00\",\"dateModified\":\"2026-02-08T14:15:09+00:00\",\"breadcrumb\":{\"@id\":\"https:\/\/loma-hossa.fi\/en\/paaskylahti\/#breadcrumb\"},\"inLanguage\":\"en-US\",\"potentialAction\":[{\"@type\":\"ReadAction\",\"target\":[\"https:\/\/loma-hossa.fi\/en\/paaskylahti\/\"]}]},{\"@type\":\"BreadcrumbList\",\"@id\":\"https:\/\/loma-hossa.fi\/en\/paaskylahti\/#breadcrumb\",\"itemListElement\":[{\"@type\":\"ListItem\",\"position\":1,\"name\":\"Home\",\"item\":\"https:\/\/loma-hossa.fi\/en\/\"},{\"@type\":\"ListItem\",\"position\":2,\"name\":\"P\u00e4\u00e4skylahti\"}]},{\"@type\":\"WebSite\",\"@id\":\"https:\/\/loma-hossa.fi\/en\/#website\",\"url\":\"https:\/\/loma-hossa.fi\/en\/\",\"name\":\"Loma-Hossa, Suomussalmi\",\"description\":\"Majoitusta Hossassa\",\"publisher\":{\"@id\":\"https:\/\/loma-hossa.fi\/en\/#organization\"},\"potentialAction\":[{\"@type\":\"SearchAction\",\"target\":{\"@type\":\"EntryPoint\",\"urlTemplate\":\"https:\/\/loma-hossa.fi\/en\/?s={search_term_string}\"},\"query-input\":{\"@type\":\"PropertyValueSpecification\",\"valueRequired\":true,\"valueName\":\"search_term_string\"}}],\"inLanguage\":\"en-US\"},{\"@type\":\"Organization\",\"@id\":\"https:\/\/loma-hossa.fi\/en\/#organization\",\"name\":\"Loma-Hossa\",\"url\":\"https:\/\/loma-hossa.fi\/en\/\",\"logo\":{\"@type\":\"ImageObject\",\"inLanguage\":\"en-US\",\"@id\":\"https:\/\/loma-hossa.fi\/en\/#\/schema\/logo\/image\/\",\"url\":\"https:\/\/loma-hossa.fi\/wp-content\/uploads\/2019\/05\/lomahossa-logo-syv.png\",\"contentUrl\":\"https:\/\/loma-hossa.fi\/wp-content\/uploads\/2019\/05\/lomahossa-logo-syv.png\",\"width\":280,\"height\":108,\"caption\":\"Loma-Hossa\"},\"image\":{\"@id\":\"https:\/\/loma-hossa.fi\/en\/#\/schema\/logo\/image\/\"},\"sameAs\":[\"https:\/\/www.facebook.com\/lomahossa\/\"]}]}<\/script>","yoast_head_json":{"title":"P\u00e4\u00e4skylahti - Loma-Hossa, Finland","robots":{"index":"index","follow":"follow","max-snippet":"max-snippet:-1","max-image-preview":"max-image-preview:large","max-video-preview":"max-video-preview:-1"},"canonical":"https:\/\/loma-hossa.fi\/en\/paaskylahti\/","og_locale":"en_US","og_type":"article","og_title":"P\u00e4\u00e4skylahti - Loma-Hossa, Finland","og_description":"P\u00e4\u00e4skylahti 4+1 persons Cozy Two-Storey Holiday Home Near Lake Hossa This approximately 100 m\u00b2 two-storey house offers comfortable accommodation for couples and families in a peaceful natural setting in Hossa. Built in 1977, the house is well suited for short-term holiday rentals. On the ground floor there is a living room, a fully equipped kitchen, [&hellip;]","og_url":"https:\/\/loma-hossa.fi\/en\/paaskylahti\/","og_site_name":"Loma-Hossa, Finland","article_publisher":"https:\/\/www.facebook.com\/lomahossa\/","article_modified_time":"2026-02-08T14:15:09+00:00","twitter_card":"summary_large_image","schema":{"@context":"https:\/\/schema.org","@graph":[{"@type":"WebPage","@id":"https:\/\/loma-hossa.fi\/en\/paaskylahti\/","url":"https:\/\/loma-hossa.fi\/en\/paaskylahti\/","name":"P\u00e4\u00e4skylahti - Loma-Hossa, Finland","isPartOf":{"@id":"https:\/\/loma-hossa.fi\/en\/#website"},"datePublished":"2026-02-06T13:41:41+00:00","dateModified":"2026-02-08T14:15:09+00:00","breadcrumb":{"@id":"https:\/\/loma-hossa.fi\/en\/paaskylahti\/#breadcrumb"},"inLanguage":"en-US","potentialAction":[{"@type":"ReadAction","target":["https:\/\/loma-hossa.fi\/en\/paaskylahti\/"]}]},{"@type":"BreadcrumbList","@id":"https:\/\/loma-hossa.fi\/en\/paaskylahti\/#breadcrumb","itemListElement":[{"@type":"ListItem","position":1,"name":"Home","item":"https:\/\/loma-hossa.fi\/en\/"},{"@type":"ListItem","position":2,"name":"P\u00e4\u00e4skylahti"}]},{"@type":"WebSite","@id":"https:\/\/loma-hossa.fi\/en\/#website","url":"https:\/\/loma-hossa.fi\/en\/","name":"Loma-Hossa, Suomussalmi","description":"Majoitusta Hossassa","publisher":{"@id":"https:\/\/loma-hossa.fi\/en\/#organization"},"potentialAction":[{"@type":"SearchAction","target":{"@type":"EntryPoint","urlTemplate":"https:\/\/loma-hossa.fi\/en\/?s={search_term_string}"},"query-input":{"@type":"PropertyValueSpecification","valueRequired":true,"valueName":"search_term_string"}}],"inLanguage":"en-US"},{"@type":"Organization","@id":"https:\/\/loma-hossa.fi\/en\/#organization","name":"Loma-Hossa","url":"https:\/\/loma-hossa.fi\/en\/","logo":{"@type":"ImageObject","inLanguage":"en-US","@id":"https:\/\/loma-hossa.fi\/en\/#\/schema\/logo\/image\/","url":"https:\/\/loma-hossa.fi\/wp-content\/uploads\/2019\/05\/lomahossa-logo-syv.png","contentUrl":"https:\/\/loma-hossa.fi\/wp-content\/uploads\/2019\/05\/lomahossa-logo-syv.png","width":280,"height":108,"caption":"Loma-Hossa"},"image":{"@id":"https:\/\/loma-hossa.fi\/en\/#\/schema\/logo\/image\/"},"sameAs":["https:\/\/www.facebook.com\/lomahossa\/"]}]}},"_links":{"self":[{"href":"https:\/\/loma-hossa.fi\/en\/wp-json\/wp\/v2\/pages\/74101","targetHints":{"allow":["GET"]}}],"collection":[{"href":"https:\/\/loma-hossa.fi\/en\/wp-json\/wp\/v2\/pages"}],"about":[{"href":"https:\/\/loma-hossa.fi\/en\/wp-json\/wp\/v2\/types\/page"}],"author":[{"embeddable":true,"href":"https:\/\/loma-hossa.fi\/en\/wp-json\/wp\/v2\/users\/3"}],"replies":[{"embeddable":true,"href":"https:\/\/loma-hossa.fi\/en\/wp-json\/wp\/v2\/comments?post=74101"}],"version-history":[{"count":7,"href":"https:\/\/loma-hossa.fi\/en\/wp-json\/wp\/v2\/pages\/74101\/revisions"}],"predecessor-version":[{"id":74116,"href":"https:\/\/loma-hossa.fi\/en\/wp-json\/wp\/v2\/pages\/74101\/revisions\/74116"}],"wp:attachment":[{"href":"https:\/\/loma-hossa.fi\/en\/wp-json\/wp\/v2\/media?parent=74101"}],"curies":[{"name":"wp","href":"https:\/\/api.w.org\/{rel}","templated":true}]}}