{"id":857,"date":"2019-05-21T10:40:16","date_gmt":"2019-05-21T07:40:16","guid":{"rendered":"http:\/\/loma-hossa\/jarvimokki\/"},"modified":"2023-03-22T13:45:56","modified_gmt":"2023-03-22T11:45:56","slug":"jarvimokki-cottage","status":"publish","type":"page","link":"https:\/\/loma-hossa.fi\/en\/accommodation\/jarvimokki-cottage\/","title":{"rendered":"J\u00e4rvim\u00f6kki Cottage"},"content":{"rendered":"<p><img decoding=\"async\" src=\"https:\/\/loma-hossa.fi\/wp-content\/uploads\/2019\/05\/lomahossa-jarvimokki-iso.jpg\" alt=\"\"><\/p>\n<h1>J\u00e4rvim\u00f6kki Cottage<\/h1>\n<h6>4 + 1 persons<\/h6>\n<div>\n<p>J\u00e4rvim\u00f6kki (Cottage by a lake) is electrically heated, round log cottage, which is usable throughout the year. There is 63 square meters space, and the cottage is located by the Lake Hossa (Hossanj\u00e4rvi) Also shoreline and a boat for your use. 5 persons.<\/p>\n<\/div>\n<div>\n<ul>\n<li>Electric stove<\/li>\n<li>Refrigerator<\/li>\n<li>Microwave<\/li>\n<li>Set of dishes \/ Coffee maker<\/li>\n<li>TV<\/li>\n<li>Radio<\/li>\n<li>Fire place<\/li>\n<li>Wood heated sauna \/ shower<\/li>\n<li>WC<\/li>\n<\/ul>\n<p>\u00a0<\/p>\n<\/div>\n<div>\n<h5>Note<\/h5>\n<ul>\n<li>Minimum rent for 2 nights.<\/li>\n<li>Price include bedlinen<\/li>\n<\/ul>\n<\/div>\n<div><iframe loading=\"lazy\" src=\"https:\/\/lomahossa.bookingonline.fi\/stable\/integroitukalenteri.jsp?teema_id=2083&#038;myyja_id=12466&#038;kiintea_tuote_id=33507&#038;kieli=UKN\" width=\"100%\" height=\"740px\"><\/iframe>\n<\/div>\n<ul>\n<li>\n<p>        <img decoding=\"async\" src=\"\/wp-content\/uploads\/2021\/03\/JM_20210305_tk_ovi.jpg\" alt=\"lomahossa jarvimokki lake side cottage living room\"><\/p>\n<h3>lomahossa jarvimokki lake side cottage living room<\/h3>\n<\/li>\n<li>\n<p>        <img decoding=\"async\" src=\"\/wp-content\/uploads\/2021\/03\/JM_20210305_tp_tv.jpg\" alt=\"lomahossa jarvimokki living room\"><\/p>\n<h3>lomahossa jarvimokki living room<\/h3>\n<\/li>\n<li>\n<p>        <img decoding=\"async\" src=\"\/wp-content\/uploads\/2021\/03\/JM_20210305_mh1.jpg\" alt=\"\"><\/p>\n<h3>lomahossa jarvimokki bed-recess 1<\/h3>\n<\/li>\n<li>\n<p>        <img decoding=\"async\" src=\"\/wp-content\/uploads\/2021\/03\/JM_20210305_mh2.jpg\" alt=\"\"><\/p>\n<h3>lomahossa jarvimokki bed-recess 2<\/h3>\n<\/li>\n<li>\n<p>        <img decoding=\"async\" src=\"\/wp-content\/uploads\/2021\/03\/JM_20210305_ph.jpg\" alt=\"\"><\/p>\n<h3>lomahossa jarvimokki sauna2<\/h3>\n<\/li>\n<li>\n<p>        <img decoding=\"async\" src=\"\/wp-content\/uploads\/2021\/03\/JM_20210305_sauna.jpg\" alt=\"lomahossa jarvimokki sauna\"><\/p>\n<h3>lomahossa jarvimokki sauna<\/h3>\n<\/li>\n<li>\n<p>        <img decoding=\"async\" src=\"\/wp-content\/uploads\/2021\/03\/JM_20210305_ulko_talvi.jpg\" alt=\"\"><\/p>\n<h3>lomahossa jarvimokki winter<\/h3>\n<\/li>\n<li>\n<p>        <img decoding=\"async\" src=\"\/wp-content\/uploads\/2019\/05\/lomahossa-jarvimokki-marjat.jpg\" alt=\"lomahossa jarvimokki berries\"><\/p>\n<h3>lomahossa jarvimokki berries<\/h3>\n<\/li>\n<li>\n<p>        <img decoding=\"async\" src=\"\/wp-content\/uploads\/2019\/05\/lomahossa-jarvimokki-pitkospuut.jpg\" alt=\"lomahossa jarvimokki by the lake\"><\/p>\n<h3>lomahossa jarvimokki by the lake<\/h3>\n<\/li>\n<li>\n<p>        <img decoding=\"async\" src=\"\/wp-content\/uploads\/2019\/05\/lomahossa-jarvimokki-ranta.jpg\" alt=\"\"><\/p>\n<h3>lomahossa jarvimokki shore<\/h3>\n<\/li>\n<\/ul>\n<p><!--more--><br \/>\n<!-- {\"name\":\"majoitus\",\"type\":\"layout\",\"children\":[{\"type\":\"section\",\"props\":{\"image\":\"\",\"image_position\":\"center-center\",\"padding\":\"none\",\"style\":\"default\",\"title_breakpoint\":\"xl\",\"title_position\":\"top-left\",\"title_rotation\":\"left\",\"vertical_align\":\"middle\",\"width\":\"\"},\"children\":[{\"type\":\"row\",\"children\":[{\"type\":\"column\",\"props\":{\"image_position\":\"center-center\",\"media_overlay_gradient\":\"\",\"position_sticky_breakpoint\":\"m\",\"width_medium\":\"1-1\"},\"children\":[{\"type\":\"image\",\"props\":{\"image\":\"https:\\\/\\\/loma-hossa.fi\\\/wp-content\\\/uploads\\\/2019\\\/05\\\/lomahossa-jarvimokki-iso.jpg\",\"image_svg_color\":\"emphasis\",\"margin\":\"default\"}}]}]}]},{\"type\":\"section\",\"props\":{\"image_position\":\"center-center\",\"padding_remove_bottom\":true,\"style\":\"default\",\"title_breakpoint\":\"xl\",\"title_position\":\"top-left\",\"title_rotation\":\"left\",\"vertical_align\":\"middle\",\"width\":\"default\"},\"children\":[{\"type\":\"row\",\"props\":{\"layout\":\"2-3,1-3\"},\"children\":[{\"type\":\"column\",\"props\":{\"image_position\":\"center-center\",\"media_overlay_gradient\":\"\",\"position_sticky_breakpoint\":\"m\",\"width_medium\":\"2-3\"},\"children\":[{\"type\":\"headline\",\"props\":{\"content\":\"J\\u00e4rvim\\u00f6kki Cottage\",\"title_decoration\":\"divider\",\"title_element\":\"h1\",\"title_style\":\"heading-medium\"},\"name\":\"otsikko\"},{\"type\":\"headline\",\"props\":{\"content\":\"4 + 1 persons\",\"margin_remove_top\":true,\"title_element\":\"h6\",\"title_style\":\"h6\"},\"name\":\"hl\\u00f6\"},{\"type\":\"text\",\"props\":{\"column_breakpoint\":\"m\",\"content\":\"\n\n<p>J\\u00e4rvim\\u00f6kki (Cottage by a lake) is electrically heated, round log cottage, which is usable throughout the year. There is 63 square meters space, and the cottage is located by the Lake Hossa (Hossanj\\u00e4rvi) Also shoreline and a boat for your use. 5 persons.<\\\/p>\",\"margin\":\"default\"},\"name\":\"kuvaus\"},{\"type\":\"text\",\"props\":{\"column\":\"1-3\",\"column_breakpoint\":\"m\",\"content\":\"\n\n<ul>\\n\n\n<li>Electric stove<\\\/li>\\n\n\n<li>Refrigerator<\\\/li>\\n\n\n<li>Microwave<\\\/li>\\n\n\n<li>Set of dishes \\\/ Coffee maker<\\\/li>\\n\n\n<li>TV<\\\/li>\\n\n\n<li>Radio<\\\/li>\\n\n\n<li>Fire place<\\\/li>\\n\n\n<li>Wood heated sauna \\\/ shower<\\\/li>\\n\n\n<li>WC<\\\/li>\\n<\\\/ul>\\n\n\n<p>\\u00a0<\\\/p>\",\"margin\":\"default\"},\"name\":\"Varustus\"},{\"type\":\"text\",\"props\":{\"column_breakpoint\":\"m\",\"content\":\"\n\n<h5>Note<\\\/h5>\\n\n\n<ul>\\n\n\n<li>Minimum rent for 2 nights.<\\\/li>\\n\n\n<li>Price include bedlinen<\\\/li>\\n<\\\/ul>\",\"margin\":\"default\"},\"name\":\"Hinta\"}]},{\"type\":\"column\",\"props\":{\"image_position\":\"center-center\",\"media_overlay_gradient\":\"\",\"position_sticky_breakpoint\":\"m\",\"width_medium\":\"1-3\"},\"children\":[{\"type\":\"text\",\"props\":{\"column_breakpoint\":\"m\",\"content\":\"<iframe src=\\\"https:\\\/\\\/lomahossa.bookingonline.fi\\\/stable\\\/integroitukalenteri.jsp?teema_id=2083&myyja_id=12466&kiintea_tuote_id=33507&kieli=UKN\\\" width=\\\"100%\\\" height=\\\"740px\\\"><\\\/iframe>\\n\",\"margin\":\"default\"},\"name\":\"kalenteripohja2\"}]}]}]},{\"type\":\"section\",\"props\":{\"image_position\":\"center-center\",\"style\":\"default\",\"title_breakpoint\":\"xl\",\"title_position\":\"top-left\",\"title_rotation\":\"left\",\"vertical_align\":\"middle\",\"width\":\"default\"},\"children\":[{\"type\":\"row\",\"children\":[{\"type\":\"column\",\"props\":{\"image_position\":\"center-center\",\"media_overlay_gradient\":\"\",\"position_sticky_breakpoint\":\"m\",\"width_medium\":\"1-1\"},\"children\":[{\"type\":\"gallery\",\"props\":{\"content_display\":\"lightbox\",\"filter_align\":\"left\",\"filter_all\":true,\"filter_grid_breakpoint\":\"m\",\"filter_grid_width\":\"auto\",\"filter_position\":\"top\",\"filter_style\":\"tab\",\"grid_column_gap\":\"small\",\"grid_default\":\"1\",\"grid_medium\":\"4\",\"grid_row_gap\":\"small\",\"grid_small\":\"2\",\"image_height\":\"533\",\"image_transition\":\"scale-up\",\"image_width\":\"800\",\"item_animation\":true,\"lightbox\":true,\"lightbox_image_orientation\":false,\"link_style\":\"default\",\"link_text\":\"\",\"margin\":\"default\",\"meta_align\":\"below-title\",\"meta_element\":\"div\",\"meta_style\":\"text-meta\",\"overlay_hover\":true,\"overlay_link\":true,\"overlay_mode\":\"cover\",\"overlay_padding\":\"small\",\"overlay_position\":\"center\",\"overlay_style\":\"\",\"overlay_transition\":\"fade\",\"overlay_transition_background\":false,\"parallax_easing\":\"1\",\"show_content\":false,\"show_hover_image\":false,\"show_link\":true,\"show_meta\":false,\"show_title\":false,\"text_align\":\"center\",\"text_color\":\"light\",\"title_display\":\"lightbox\",\"title_element\":\"h3\",\"title_hover_style\":\"reset\"},\"children\":[{\"type\":\"gallery_item\",\"props\":{\"image\":\"wp-content\\\/uploads\\\/2021\\\/03\\\/JM_20210305_tk_ovi.jpg\",\"image_alt\":\"lomahossa jarvimokki lake side cottage living room\",\"title\":\"lomahossa jarvimokki lake side cottage living room\"}},{\"type\":\"gallery_item\",\"props\":{\"image\":\"wp-content\\\/uploads\\\/2021\\\/03\\\/JM_20210305_tp_tv.jpg\",\"image_alt\":\"lomahossa jarvimokki living room\",\"title\":\"lomahossa jarvimokki living room\"}},{\"type\":\"gallery_item\",\"props\":{\"image\":\"wp-content\\\/uploads\\\/2021\\\/03\\\/JM_20210305_mh1.jpg\",\"title\":\"lomahossa jarvimokki bed-recess 1\"}},{\"type\":\"gallery_item\",\"props\":{\"image\":\"wp-content\\\/uploads\\\/2021\\\/03\\\/JM_20210305_mh2.jpg\",\"meta\":\"\",\"title\":\"lomahossa jarvimokki bed-recess 2\"}},{\"type\":\"gallery_item\",\"props\":{\"image\":\"wp-content\\\/uploads\\\/2021\\\/03\\\/JM_20210305_ph.jpg\",\"title\":\"lomahossa jarvimokki sauna2\"}},{\"type\":\"gallery_item\",\"props\":{\"image\":\"wp-content\\\/uploads\\\/2021\\\/03\\\/JM_20210305_sauna.jpg\",\"image_alt\":\"lomahossa jarvimokki sauna\",\"title\":\"lomahossa jarvimokki sauna\"}},{\"type\":\"gallery_item\",\"props\":{\"image\":\"wp-content\\\/uploads\\\/2021\\\/03\\\/JM_20210305_ulko_talvi.jpg\",\"title\":\"lomahossa jarvimokki winter\"}},{\"type\":\"gallery_item\",\"props\":{\"image\":\"wp-content\\\/uploads\\\/2019\\\/05\\\/lomahossa-jarvimokki-marjat.jpg\",\"image_alt\":\"lomahossa jarvimokki berries\",\"title\":\"lomahossa jarvimokki berries\"}},{\"type\":\"gallery_item\",\"props\":{\"image\":\"wp-content\\\/uploads\\\/2019\\\/05\\\/lomahossa-jarvimokki-pitkospuut.jpg\",\"image_alt\":\"lomahossa jarvimokki by the lake\",\"title\":\"lomahossa jarvimokki by the lake\"}},{\"type\":\"gallery_item\",\"props\":{\"image\":\"wp-content\\\/uploads\\\/2019\\\/05\\\/lomahossa-jarvimokki-ranta.jpg\",\"title\":\"lomahossa jarvimokki shore\"}}]}]}]}]}],\"version\":\"3.0.26\"} --><\/p>\n","protected":false},"excerpt":{"rendered":"<p>J\u00e4rvim\u00f6kki Cottage 4 + 1 persons J\u00e4rvim\u00f6kki (Cottage by a lake) is electrically heated, round log cottage, which is usable throughout the year. There is 63 square meters space, and the cottage is located by the Lake Hossa (Hossanj\u00e4rvi) Also shoreline and a boat for your use. 5 persons. Electric stove Refrigerator Microwave Set of [&hellip;]<\/p>\n","protected":false},"author":1,"featured_media":30,"parent":859,"menu_order":0,"comment_status":"closed","ping_status":"closed","template":"","meta":{"footnotes":""},"class_list":["post-857","page","type-page","status-publish","has-post-thumbnail","hentry"],"yoast_head":"<title>J\u00e4rvim\u00f6kki Cottage - Loma-Hossa, Finland<\/title>\n<meta name=\"description\" content=\"J\u00e4rvim\u00f6kki (Cottage by a lake) is electrically heated, round log cottage, which is usable throughout the year. Suitable for 5 people.\" \/>\n<meta name=\"robots\" content=\"index, follow, max-snippet:-1, max-image-preview:large, max-video-preview:-1\" \/>\n<link rel=\"canonical\" href=\"https:\/\/loma-hossa.fi\/en\/accommodation\/jarvimokki-cottage\/\" \/>\n<meta property=\"og:locale\" content=\"en_US\" \/>\n<meta property=\"og:type\" content=\"article\" \/>\n<meta property=\"og:title\" content=\"J\u00e4rvim\u00f6kki Cottage - Loma-Hossa, Finland\" \/>\n<meta property=\"og:description\" content=\"J\u00e4rvim\u00f6kki (Cottage by a lake) is electrically heated, round log cottage, which is usable throughout the year. Suitable for 5 people.\" \/>\n<meta property=\"og:url\" content=\"https:\/\/loma-hossa.fi\/en\/accommodation\/jarvimokki-cottage\/\" \/>\n<meta property=\"og:site_name\" content=\"Loma-Hossa, Finland\" \/>\n<meta property=\"article:publisher\" content=\"https:\/\/www.facebook.com\/lomahossa\/\" \/>\n<meta property=\"article:modified_time\" content=\"2023-03-22T11:45:56+00:00\" \/>\n<meta property=\"og:image\" content=\"https:\/\/loma-hossa.fi\/wp-content\/uploads\/2019\/05\/lomahossa-jarvimokki.jpg\" \/>\n\t<meta property=\"og:image:width\" content=\"1600\" \/>\n\t<meta property=\"og:image:height\" content=\"600\" \/>\n\t<meta property=\"og:image:type\" content=\"image\/jpeg\" \/>\n<meta name=\"twitter:card\" content=\"summary_large_image\" \/>\n<meta name=\"twitter:label1\" content=\"Est. reading time\" \/>\n\t<meta name=\"twitter:data1\" content=\"1 minute\" \/>\n<script type=\"application\/ld+json\" class=\"yoast-schema-graph\">{\"@context\":\"https:\/\/schema.org\",\"@graph\":[{\"@type\":\"WebPage\",\"@id\":\"https:\/\/loma-hossa.fi\/en\/accommodation\/jarvimokki-cottage\/\",\"url\":\"https:\/\/loma-hossa.fi\/en\/accommodation\/jarvimokki-cottage\/\",\"name\":\"J\u00e4rvim\u00f6kki Cottage - Loma-Hossa, Finland\",\"isPartOf\":{\"@id\":\"https:\/\/loma-hossa.fi\/en\/#website\"},\"primaryImageOfPage\":{\"@id\":\"https:\/\/loma-hossa.fi\/en\/accommodation\/jarvimokki-cottage\/#primaryimage\"},\"image\":{\"@id\":\"https:\/\/loma-hossa.fi\/en\/accommodation\/jarvimokki-cottage\/#primaryimage\"},\"thumbnailUrl\":\"https:\/\/loma-hossa.fi\/wp-content\/uploads\/2019\/05\/lomahossa-jarvimokki.jpg\",\"datePublished\":\"2019-05-21T07:40:16+00:00\",\"dateModified\":\"2023-03-22T11:45:56+00:00\",\"description\":\"J\u00e4rvim\u00f6kki (Cottage by a lake) is electrically heated, round log cottage, which is usable throughout the year. Suitable for 5 people.\",\"breadcrumb\":{\"@id\":\"https:\/\/loma-hossa.fi\/en\/accommodation\/jarvimokki-cottage\/#breadcrumb\"},\"inLanguage\":\"en-US\",\"potentialAction\":[{\"@type\":\"ReadAction\",\"target\":[\"https:\/\/loma-hossa.fi\/en\/accommodation\/jarvimokki-cottage\/\"]}]},{\"@type\":\"ImageObject\",\"inLanguage\":\"en-US\",\"@id\":\"https:\/\/loma-hossa.fi\/en\/accommodation\/jarvimokki-cottage\/#primaryimage\",\"url\":\"https:\/\/loma-hossa.fi\/wp-content\/uploads\/2019\/05\/lomahossa-jarvimokki.jpg\",\"contentUrl\":\"https:\/\/loma-hossa.fi\/wp-content\/uploads\/2019\/05\/lomahossa-jarvimokki.jpg\",\"width\":1600,\"height\":600},{\"@type\":\"BreadcrumbList\",\"@id\":\"https:\/\/loma-hossa.fi\/en\/accommodation\/jarvimokki-cottage\/#breadcrumb\",\"itemListElement\":[{\"@type\":\"ListItem\",\"position\":1,\"name\":\"Home\",\"item\":\"https:\/\/loma-hossa.fi\/en\/\"},{\"@type\":\"ListItem\",\"position\":2,\"name\":\"Accomodation close to Hossa National Park\",\"item\":\"https:\/\/loma-hossa.fi\/en\/accommodation\/\"},{\"@type\":\"ListItem\",\"position\":3,\"name\":\"J\u00e4rvim\u00f6kki Cottage\"}]},{\"@type\":\"WebSite\",\"@id\":\"https:\/\/loma-hossa.fi\/en\/#website\",\"url\":\"https:\/\/loma-hossa.fi\/en\/\",\"name\":\"Loma-Hossa, Suomussalmi\",\"description\":\"Majoitusta Hossassa\",\"publisher\":{\"@id\":\"https:\/\/loma-hossa.fi\/en\/#organization\"},\"potentialAction\":[{\"@type\":\"SearchAction\",\"target\":{\"@type\":\"EntryPoint\",\"urlTemplate\":\"https:\/\/loma-hossa.fi\/en\/?s={search_term_string}\"},\"query-input\":{\"@type\":\"PropertyValueSpecification\",\"valueRequired\":true,\"valueName\":\"search_term_string\"}}],\"inLanguage\":\"en-US\"},{\"@type\":\"Organization\",\"@id\":\"https:\/\/loma-hossa.fi\/en\/#organization\",\"name\":\"Loma-Hossa\",\"url\":\"https:\/\/loma-hossa.fi\/en\/\",\"logo\":{\"@type\":\"ImageObject\",\"inLanguage\":\"en-US\",\"@id\":\"https:\/\/loma-hossa.fi\/en\/#\/schema\/logo\/image\/\",\"url\":\"https:\/\/loma-hossa.fi\/wp-content\/uploads\/2019\/05\/lomahossa-logo-syv.png\",\"contentUrl\":\"https:\/\/loma-hossa.fi\/wp-content\/uploads\/2019\/05\/lomahossa-logo-syv.png\",\"width\":280,\"height\":108,\"caption\":\"Loma-Hossa\"},\"image\":{\"@id\":\"https:\/\/loma-hossa.fi\/en\/#\/schema\/logo\/image\/\"},\"sameAs\":[\"https:\/\/www.facebook.com\/lomahossa\/\"]}]}<\/script>","yoast_head_json":{"title":"J\u00e4rvim\u00f6kki Cottage - Loma-Hossa, Finland","description":"J\u00e4rvim\u00f6kki (Cottage by a lake) is electrically heated, round log cottage, which is usable throughout the year. Suitable for 5 people.","robots":{"index":"index","follow":"follow","max-snippet":"max-snippet:-1","max-image-preview":"max-image-preview:large","max-video-preview":"max-video-preview:-1"},"canonical":"https:\/\/loma-hossa.fi\/en\/accommodation\/jarvimokki-cottage\/","og_locale":"en_US","og_type":"article","og_title":"J\u00e4rvim\u00f6kki Cottage - Loma-Hossa, Finland","og_description":"J\u00e4rvim\u00f6kki (Cottage by a lake) is electrically heated, round log cottage, which is usable throughout the year. Suitable for 5 people.","og_url":"https:\/\/loma-hossa.fi\/en\/accommodation\/jarvimokki-cottage\/","og_site_name":"Loma-Hossa, Finland","article_publisher":"https:\/\/www.facebook.com\/lomahossa\/","article_modified_time":"2023-03-22T11:45:56+00:00","og_image":[{"width":1600,"height":600,"url":"https:\/\/loma-hossa.fi\/wp-content\/uploads\/2019\/05\/lomahossa-jarvimokki.jpg","type":"image\/jpeg"}],"twitter_card":"summary_large_image","twitter_misc":{"Est. reading time":"1 minute"},"schema":{"@context":"https:\/\/schema.org","@graph":[{"@type":"WebPage","@id":"https:\/\/loma-hossa.fi\/en\/accommodation\/jarvimokki-cottage\/","url":"https:\/\/loma-hossa.fi\/en\/accommodation\/jarvimokki-cottage\/","name":"J\u00e4rvim\u00f6kki Cottage - Loma-Hossa, Finland","isPartOf":{"@id":"https:\/\/loma-hossa.fi\/en\/#website"},"primaryImageOfPage":{"@id":"https:\/\/loma-hossa.fi\/en\/accommodation\/jarvimokki-cottage\/#primaryimage"},"image":{"@id":"https:\/\/loma-hossa.fi\/en\/accommodation\/jarvimokki-cottage\/#primaryimage"},"thumbnailUrl":"https:\/\/loma-hossa.fi\/wp-content\/uploads\/2019\/05\/lomahossa-jarvimokki.jpg","datePublished":"2019-05-21T07:40:16+00:00","dateModified":"2023-03-22T11:45:56+00:00","description":"J\u00e4rvim\u00f6kki (Cottage by a lake) is electrically heated, round log cottage, which is usable throughout the year. Suitable for 5 people.","breadcrumb":{"@id":"https:\/\/loma-hossa.fi\/en\/accommodation\/jarvimokki-cottage\/#breadcrumb"},"inLanguage":"en-US","potentialAction":[{"@type":"ReadAction","target":["https:\/\/loma-hossa.fi\/en\/accommodation\/jarvimokki-cottage\/"]}]},{"@type":"ImageObject","inLanguage":"en-US","@id":"https:\/\/loma-hossa.fi\/en\/accommodation\/jarvimokki-cottage\/#primaryimage","url":"https:\/\/loma-hossa.fi\/wp-content\/uploads\/2019\/05\/lomahossa-jarvimokki.jpg","contentUrl":"https:\/\/loma-hossa.fi\/wp-content\/uploads\/2019\/05\/lomahossa-jarvimokki.jpg","width":1600,"height":600},{"@type":"BreadcrumbList","@id":"https:\/\/loma-hossa.fi\/en\/accommodation\/jarvimokki-cottage\/#breadcrumb","itemListElement":[{"@type":"ListItem","position":1,"name":"Home","item":"https:\/\/loma-hossa.fi\/en\/"},{"@type":"ListItem","position":2,"name":"Accomodation close to Hossa National Park","item":"https:\/\/loma-hossa.fi\/en\/accommodation\/"},{"@type":"ListItem","position":3,"name":"J\u00e4rvim\u00f6kki Cottage"}]},{"@type":"WebSite","@id":"https:\/\/loma-hossa.fi\/en\/#website","url":"https:\/\/loma-hossa.fi\/en\/","name":"Loma-Hossa, Suomussalmi","description":"Majoitusta Hossassa","publisher":{"@id":"https:\/\/loma-hossa.fi\/en\/#organization"},"potentialAction":[{"@type":"SearchAction","target":{"@type":"EntryPoint","urlTemplate":"https:\/\/loma-hossa.fi\/en\/?s={search_term_string}"},"query-input":{"@type":"PropertyValueSpecification","valueRequired":true,"valueName":"search_term_string"}}],"inLanguage":"en-US"},{"@type":"Organization","@id":"https:\/\/loma-hossa.fi\/en\/#organization","name":"Loma-Hossa","url":"https:\/\/loma-hossa.fi\/en\/","logo":{"@type":"ImageObject","inLanguage":"en-US","@id":"https:\/\/loma-hossa.fi\/en\/#\/schema\/logo\/image\/","url":"https:\/\/loma-hossa.fi\/wp-content\/uploads\/2019\/05\/lomahossa-logo-syv.png","contentUrl":"https:\/\/loma-hossa.fi\/wp-content\/uploads\/2019\/05\/lomahossa-logo-syv.png","width":280,"height":108,"caption":"Loma-Hossa"},"image":{"@id":"https:\/\/loma-hossa.fi\/en\/#\/schema\/logo\/image\/"},"sameAs":["https:\/\/www.facebook.com\/lomahossa\/"]}]}},"_links":{"self":[{"href":"https:\/\/loma-hossa.fi\/en\/wp-json\/wp\/v2\/pages\/857","targetHints":{"allow":["GET"]}}],"collection":[{"href":"https:\/\/loma-hossa.fi\/en\/wp-json\/wp\/v2\/pages"}],"about":[{"href":"https:\/\/loma-hossa.fi\/en\/wp-json\/wp\/v2\/types\/page"}],"author":[{"embeddable":true,"href":"https:\/\/loma-hossa.fi\/en\/wp-json\/wp\/v2\/users\/1"}],"replies":[{"embeddable":true,"href":"https:\/\/loma-hossa.fi\/en\/wp-json\/wp\/v2\/comments?post=857"}],"version-history":[{"count":16,"href":"https:\/\/loma-hossa.fi\/en\/wp-json\/wp\/v2\/pages\/857\/revisions"}],"predecessor-version":[{"id":73666,"href":"https:\/\/loma-hossa.fi\/en\/wp-json\/wp\/v2\/pages\/857\/revisions\/73666"}],"up":[{"embeddable":true,"href":"https:\/\/loma-hossa.fi\/en\/wp-json\/wp\/v2\/pages\/859"}],"wp:featuredmedia":[{"embeddable":true,"href":"https:\/\/loma-hossa.fi\/en\/wp-json\/wp\/v2\/media\/30"}],"wp:attachment":[{"href":"https:\/\/loma-hossa.fi\/en\/wp-json\/wp\/v2\/media?parent=857"}],"curies":[{"name":"wp","href":"https:\/\/api.w.org\/{rel}","templated":true}]}}