{"id":870,"date":"2019-05-21T10:43:40","date_gmt":"2019-05-21T07:43:40","guid":{"rendered":"http:\/\/loma-hossa\/majoitus-2\/rantamokki\/"},"modified":"2023-03-22T13:47:10","modified_gmt":"2023-03-22T11:47:10","slug":"rantamokki","status":"publish","type":"page","link":"https:\/\/loma-hossa.fi\/en\/accommodation\/rantamokki\/","title":{"rendered":"Rantam\u00f6kki Cottage"},"content":{"rendered":"<p><img decoding=\"async\" src=\"https:\/\/loma-hossa.fi\/wp-content\/uploads\/2019\/05\/lomahossa-rantamokki-iso.jpg\" alt=\"Rantam\u00f6kki (lake side cottage)\"><\/p>\n<h1>Rantam\u00f6kki cottage<\/h1>\n<h6>2 persons, only used in the summer.<\/h6>\n<div>\n<p>Rantam\u00f6kki is a cottage in its own peace, alongside the beach of the Lake Hossa (Hossanj\u00e4rvi). The cottage has a main room and a little kitchen. There is a rowing boat on the beach, and permission for fishing.<\/p>\n<\/div>\n<div>\n<ul>\n<li>Electric stove<\/li>\n<li>Refrigerator<\/li>\n<li>Microwave<\/li>\n<li>Set of dishes<\/li>\n<li>Coffee maker<\/li>\n<li>TV<\/li>\n<li>Radio<\/li>\n<li>Fire place<\/li>\n<li>Wood heated sauna<\/li>\n<li>WC \/ shower<\/li>\n<\/ul>\n<p>\u00a0<\/p>\n<\/div>\n<div>\n<h5>Note<\/h5>\n<ul>\n<li>Price include bedlinen<\/li>\n<li>Minimun rent for 2 nights<\/li>\n<li>Only in Summer<\/li>\n<\/ul>\n<\/div>\n<div><iframe loading=\"lazy\" src=\"https:\/\/lomahossa.bookingonline.fi\/stable\/integroitukalenteri.jsp?teema_id=2083&#038;myyja_id=12466&#038;kiintea_tuote_id=33518&#038;kieli=UKN\" width=\"100%\" height=\"750px\"><\/iframe>\n<\/div>\n<ul>\n<li>\n<p>        <img decoding=\"async\" src=\"\/wp-content\/uploads\/2019\/05\/lomahossa-rantamokki-ulko.jpg\" alt=\"lomahossa rantam\u00f6kki cottage summer\"><\/p>\n<h3>lomahossa rantam\u00f6kki cottage summer<\/h3>\n<\/li>\n<li>\n<p>        <img decoding=\"async\" src=\"\/wp-content\/uploads\/2021\/06\/Tupa2.jpg\" alt=\"lomahossa rantam\u00f6kki cottage living area\"><\/p>\n<h3>lomahossa rantam\u00f6kki cottage living area<\/h3>\n<\/li>\n<li>\n<p>        <img decoding=\"async\" src=\"\/wp-content\/uploads\/2021\/06\/Tupa1.jpg\" alt=\"lomahossa rantam\u00f6kki cottage fire place\"><\/p>\n<h3>lomahossa rantam\u00f6kki cottage fire place<\/h3>\n<\/li>\n<li>\n<p>        <img decoding=\"async\" src=\"\/wp-content\/uploads\/2021\/06\/keittio.jpg\" alt=\"lomahossa rantam\u00f6kki cottage kitchen\"><\/p>\n<h3>lomahossa rantam\u00f6kki cottage kitchen<\/h3>\n<\/li>\n<li>\n<p>        <img decoding=\"async\" src=\"\/wp-content\/uploads\/2019\/05\/lomahossa-rantamokki-sauna.jpg\" alt=\"lomahossa rantam\u00f6kki cottage sauna\"><\/p>\n<h3>lomahossa rantam\u00f6kki cottage sauna<\/h3>\n<\/li>\n<li>\n<p>        <img decoding=\"async\" src=\"\/wp-content\/uploads\/2019\/05\/lomahossa-rantamokki-kylpyhuone.jpg\" alt=\"lomahossa rantam\u00f6kki cottage bathroom\"><\/p>\n<h3>lomahossa rantam\u00f6kki cottage bathroom<\/h3>\n<\/li>\n<\/ul>\n<p><!--more--><br \/>\n<!-- {\"name\":\"majoitus\",\"type\":\"layout\",\"children\":[{\"type\":\"section\",\"props\":{\"image\":\"\",\"image_position\":\"center-center\",\"padding\":\"none\",\"style\":\"default\",\"title_breakpoint\":\"xl\",\"title_position\":\"top-left\",\"title_rotation\":\"left\",\"vertical_align\":\"middle\",\"width\":\"\"},\"children\":[{\"type\":\"row\",\"children\":[{\"type\":\"column\",\"props\":{\"image_position\":\"center-center\",\"media_overlay_gradient\":\"\",\"position_sticky_breakpoint\":\"m\",\"width_medium\":\"1-1\"},\"children\":[{\"type\":\"image\",\"props\":{\"image\":\"https:\\\/\\\/loma-hossa.fi\\\/wp-content\\\/uploads\\\/2019\\\/05\\\/lomahossa-rantamokki-iso.jpg\",\"image_alt\":\"Rantam\\u00f6kki (lake side cottage)\",\"image_svg_color\":\"emphasis\",\"margin\":\"default\"}}]}]}]},{\"type\":\"section\",\"props\":{\"image_position\":\"center-center\",\"style\":\"default\",\"title_breakpoint\":\"xl\",\"title_position\":\"top-left\",\"title_rotation\":\"left\",\"vertical_align\":\"middle\",\"width\":\"default\"},\"children\":[{\"type\":\"row\",\"props\":{\"layout\":\"2-3,1-3\"},\"children\":[{\"type\":\"column\",\"props\":{\"image_position\":\"center-center\",\"media_overlay_gradient\":\"\",\"position_sticky_breakpoint\":\"m\",\"width_medium\":\"2-3\"},\"children\":[{\"type\":\"headline\",\"props\":{\"content\":\"Rantam\\u00f6kki cottage\",\"title_decoration\":\"divider\",\"title_element\":\"h1\",\"title_style\":\"heading-medium\"},\"name\":\"otsikko\"},{\"type\":\"headline\",\"props\":{\"content\":\"2 persons, only used in the summer.\",\"margin_remove_top\":true,\"title_element\":\"h6\",\"title_style\":\"h6\"},\"name\":\"hl\\u00f6\"},{\"type\":\"text\",\"props\":{\"column_breakpoint\":\"m\",\"content\":\"\n\n<p>Rantam\\u00f6kki is a cottage in its own peace, alongside the beach of the Lake Hossa (Hossanj\\u00e4rvi). The cottage has a main room and a little kitchen. There is a rowing boat on the beach, and permission for fishing.<\\\/p>\",\"margin\":\"default\"},\"name\":\"kuvaus\"},{\"type\":\"text\",\"props\":{\"column\":\"1-3\",\"column_breakpoint\":\"m\",\"content\":\"\n\n<ul>\\n\n\n<li>Electric stove<\\\/li>\\n\n\n<li>Refrigerator<\\\/li>\\n\n\n<li>Microwave<\\\/li>\\n\n\n<li>Set of dishes<\\\/li>\\n\n\n<li>Coffee maker<\\\/li>\\n\n\n<li>TV<\\\/li>\\n\n\n<li>Radio<\\\/li>\\n\n\n<li>Fire place<\\\/li>\\n\n\n<li>Wood heated sauna<\\\/li>\\n\n\n<li>WC \\\/ shower<\\\/li>\\n<\\\/ul>\\n\n\n<p>\\u00a0<\\\/p>\",\"margin\":\"default\"},\"name\":\"Varustus\"},{\"type\":\"text\",\"props\":{\"column_breakpoint\":\"m\",\"content\":\"\n\n<h5>Note<\\\/h5>\\n\n\n<ul>\\n\n\n<li>Price include bedlinen<\\\/li>\\n\n\n<li>Minimun rent for 2 nights<\\\/li>\\n\n\n<li>Only in Summer<\\\/li>\\n<\\\/ul>\",\"margin\":\"default\"},\"name\":\"Hinta\"}]},{\"type\":\"column\",\"props\":{\"image_position\":\"center-center\",\"media_overlay_gradient\":\"\",\"position_sticky_breakpoint\":\"m\",\"width_medium\":\"1-3\"},\"children\":[{\"type\":\"text\",\"props\":{\"column_breakpoint\":\"m\",\"content\":\"<iframe src=\\\"https:\\\/\\\/lomahossa.bookingonline.fi\\\/stable\\\/integroitukalenteri.jsp?teema_id=2083&myyja_id=12466&kiintea_tuote_id=33518&kieli=UKN\\\" width=\\\"100%\\\" height=\\\"750px\\\"><\\\/iframe>\\n\",\"margin\":\"default\"},\"name\":\"kalenteripohja2\"}]}]}]},{\"type\":\"section\",\"props\":{\"image_position\":\"center-center\",\"style\":\"default\",\"title_breakpoint\":\"xl\",\"title_position\":\"top-left\",\"title_rotation\":\"left\",\"vertical_align\":\"middle\",\"width\":\"default\"},\"children\":[{\"type\":\"row\",\"children\":[{\"type\":\"column\",\"props\":{\"image_position\":\"center-center\",\"media_overlay_gradient\":\"\",\"position_sticky_breakpoint\":\"m\",\"width_medium\":\"1-1\"},\"children\":[{\"type\":\"gallery\",\"props\":{\"content_display\":\"lightbox\",\"filter_align\":\"left\",\"filter_all\":true,\"filter_grid_breakpoint\":\"m\",\"filter_grid_width\":\"auto\",\"filter_position\":\"top\",\"filter_style\":\"tab\",\"grid_column_gap\":\"small\",\"grid_default\":\"1\",\"grid_medium\":\"4\",\"grid_row_gap\":\"small\",\"grid_small\":\"2\",\"image_height\":\"533\",\"image_transition\":\"scale-up\",\"image_width\":\"800\",\"item_animation\":true,\"lightbox\":true,\"lightbox_image_orientation\":false,\"link_style\":\"default\",\"link_text\":\"\",\"margin\":\"default\",\"meta_align\":\"below-title\",\"meta_element\":\"div\",\"meta_style\":\"text-meta\",\"overlay_hover\":true,\"overlay_link\":true,\"overlay_mode\":\"cover\",\"overlay_padding\":\"small\",\"overlay_position\":\"center\",\"overlay_style\":\"\",\"overlay_transition\":\"fade\",\"overlay_transition_background\":false,\"parallax_easing\":\"1\",\"show_content\":false,\"show_hover_image\":false,\"show_link\":true,\"show_meta\":false,\"show_title\":false,\"text_align\":\"center\",\"text_color\":\"light\",\"title_display\":\"lightbox\",\"title_element\":\"h3\",\"title_hover_style\":\"reset\"},\"children\":[{\"type\":\"gallery_item\",\"props\":{\"image\":\"wp-content\\\/uploads\\\/2019\\\/05\\\/lomahossa-rantamokki-ulko.jpg\",\"image_alt\":\"lomahossa rantam\\u00f6kki cottage summer\",\"title\":\"lomahossa rantam\\u00f6kki cottage summer\"}},{\"type\":\"gallery_item\",\"props\":{\"image\":\"wp-content\\\/uploads\\\/2021\\\/06\\\/Tupa2.jpg\",\"image_alt\":\"lomahossa rantam\\u00f6kki cottage living area\",\"title\":\"lomahossa rantam\\u00f6kki cottage living area\"}},{\"type\":\"gallery_item\",\"props\":{\"image\":\"wp-content\\\/uploads\\\/2021\\\/06\\\/Tupa1.jpg\",\"image_alt\":\"lomahossa rantam\\u00f6kki cottage fire place\",\"title\":\"lomahossa rantam\\u00f6kki cottage fire place\"}},{\"type\":\"gallery_item\",\"props\":{\"image\":\"wp-content\\\/uploads\\\/2021\\\/06\\\/keittio.jpg\",\"image_alt\":\"lomahossa rantam\\u00f6kki cottage kitchen\",\"title\":\"lomahossa rantam\\u00f6kki cottage kitchen\"}},{\"type\":\"gallery_item\",\"props\":{\"image\":\"wp-content\\\/uploads\\\/2019\\\/05\\\/lomahossa-rantamokki-sauna.jpg\",\"image_alt\":\"lomahossa rantam\\u00f6kki cottage sauna\",\"title\":\"lomahossa rantam\\u00f6kki cottage sauna\"}},{\"type\":\"gallery_item\",\"props\":{\"image\":\"wp-content\\\/uploads\\\/2019\\\/05\\\/lomahossa-rantamokki-kylpyhuone.jpg\",\"image_alt\":\"lomahossa rantam\\u00f6kki cottage bathroom\",\"title\":\"lomahossa rantam\\u00f6kki cottage bathroom\"}}]}]}]}]}],\"version\":\"3.0.26\"} --><\/p>\n","protected":false},"excerpt":{"rendered":"<p>Rantam\u00f6kki cottage 2 persons, only used in the summer. Rantam\u00f6kki is a cottage in its own peace, alongside the beach of the Lake Hossa (Hossanj\u00e4rvi). The cottage has a main room and a little kitchen. There is a rowing boat on the beach, and permission for fishing. Electric stove Refrigerator Microwave Set of dishes Coffee [&hellip;]<\/p>\n","protected":false},"author":1,"featured_media":166,"parent":859,"menu_order":0,"comment_status":"closed","ping_status":"closed","template":"","meta":{"footnotes":""},"class_list":["post-870","page","type-page","status-publish","has-post-thumbnail","hentry"],"yoast_head":"<title>Rantam\u00f6kki Cottage - Loma-Hossa, Finland<\/title>\n<meta name=\"description\" content=\"This cottage is in its own peace, alongside the beach of the Lake Hossa. The cottage has a main room and a little kitchen.\" \/>\n<meta name=\"robots\" content=\"index, follow, max-snippet:-1, max-image-preview:large, max-video-preview:-1\" \/>\n<link rel=\"canonical\" href=\"https:\/\/loma-hossa.fi\/en\/accommodation\/rantamokki\/\" \/>\n<meta property=\"og:locale\" content=\"en_US\" \/>\n<meta property=\"og:type\" content=\"article\" \/>\n<meta property=\"og:title\" content=\"Rantam\u00f6kki Cottage - Loma-Hossa, Finland\" \/>\n<meta property=\"og:description\" content=\"This cottage is in its own peace, alongside the beach of the Lake Hossa. The cottage has a main room and a little kitchen.\" \/>\n<meta property=\"og:url\" content=\"https:\/\/loma-hossa.fi\/en\/accommodation\/rantamokki\/\" \/>\n<meta property=\"og:site_name\" content=\"Loma-Hossa, Finland\" \/>\n<meta property=\"article:publisher\" content=\"https:\/\/www.facebook.com\/lomahossa\/\" \/>\n<meta property=\"article:modified_time\" content=\"2023-03-22T11:47:10+00:00\" \/>\n<meta property=\"og:image\" content=\"https:\/\/loma-hossa.fi\/wp-content\/uploads\/2019\/05\/lomahossa-rantamokki-kesa-ulko.jpg\" \/>\n\t<meta property=\"og:image:width\" content=\"800\" \/>\n\t<meta property=\"og:image:height\" content=\"533\" \/>\n\t<meta property=\"og:image:type\" content=\"image\/jpeg\" \/>\n<meta name=\"twitter:card\" content=\"summary_large_image\" \/>\n<meta name=\"twitter:label1\" content=\"Est. reading time\" \/>\n\t<meta name=\"twitter:data1\" content=\"1 minute\" \/>\n<script type=\"application\/ld+json\" class=\"yoast-schema-graph\">{\"@context\":\"https:\/\/schema.org\",\"@graph\":[{\"@type\":\"WebPage\",\"@id\":\"https:\/\/loma-hossa.fi\/en\/accommodation\/rantamokki\/\",\"url\":\"https:\/\/loma-hossa.fi\/en\/accommodation\/rantamokki\/\",\"name\":\"Rantam\u00f6kki Cottage - Loma-Hossa, Finland\",\"isPartOf\":{\"@id\":\"https:\/\/loma-hossa.fi\/en\/#website\"},\"primaryImageOfPage\":{\"@id\":\"https:\/\/loma-hossa.fi\/en\/accommodation\/rantamokki\/#primaryimage\"},\"image\":{\"@id\":\"https:\/\/loma-hossa.fi\/en\/accommodation\/rantamokki\/#primaryimage\"},\"thumbnailUrl\":\"https:\/\/loma-hossa.fi\/wp-content\/uploads\/2019\/05\/lomahossa-rantamokki-kesa-ulko.jpg\",\"datePublished\":\"2019-05-21T07:43:40+00:00\",\"dateModified\":\"2023-03-22T11:47:10+00:00\",\"description\":\"This cottage is in its own peace, alongside the beach of the Lake Hossa. The cottage has a main room and a little kitchen.\",\"breadcrumb\":{\"@id\":\"https:\/\/loma-hossa.fi\/en\/accommodation\/rantamokki\/#breadcrumb\"},\"inLanguage\":\"en-US\",\"potentialAction\":[{\"@type\":\"ReadAction\",\"target\":[\"https:\/\/loma-hossa.fi\/en\/accommodation\/rantamokki\/\"]}]},{\"@type\":\"ImageObject\",\"inLanguage\":\"en-US\",\"@id\":\"https:\/\/loma-hossa.fi\/en\/accommodation\/rantamokki\/#primaryimage\",\"url\":\"https:\/\/loma-hossa.fi\/wp-content\/uploads\/2019\/05\/lomahossa-rantamokki-kesa-ulko.jpg\",\"contentUrl\":\"https:\/\/loma-hossa.fi\/wp-content\/uploads\/2019\/05\/lomahossa-rantamokki-kesa-ulko.jpg\",\"width\":800,\"height\":533},{\"@type\":\"BreadcrumbList\",\"@id\":\"https:\/\/loma-hossa.fi\/en\/accommodation\/rantamokki\/#breadcrumb\",\"itemListElement\":[{\"@type\":\"ListItem\",\"position\":1,\"name\":\"Home\",\"item\":\"https:\/\/loma-hossa.fi\/en\/\"},{\"@type\":\"ListItem\",\"position\":2,\"name\":\"Accomodation close to Hossa National Park\",\"item\":\"https:\/\/loma-hossa.fi\/en\/accommodation\/\"},{\"@type\":\"ListItem\",\"position\":3,\"name\":\"Rantam\u00f6kki Cottage\"}]},{\"@type\":\"WebSite\",\"@id\":\"https:\/\/loma-hossa.fi\/en\/#website\",\"url\":\"https:\/\/loma-hossa.fi\/en\/\",\"name\":\"Loma-Hossa, Suomussalmi\",\"description\":\"Majoitusta Hossassa\",\"publisher\":{\"@id\":\"https:\/\/loma-hossa.fi\/en\/#organization\"},\"potentialAction\":[{\"@type\":\"SearchAction\",\"target\":{\"@type\":\"EntryPoint\",\"urlTemplate\":\"https:\/\/loma-hossa.fi\/en\/?s={search_term_string}\"},\"query-input\":{\"@type\":\"PropertyValueSpecification\",\"valueRequired\":true,\"valueName\":\"search_term_string\"}}],\"inLanguage\":\"en-US\"},{\"@type\":\"Organization\",\"@id\":\"https:\/\/loma-hossa.fi\/en\/#organization\",\"name\":\"Loma-Hossa\",\"url\":\"https:\/\/loma-hossa.fi\/en\/\",\"logo\":{\"@type\":\"ImageObject\",\"inLanguage\":\"en-US\",\"@id\":\"https:\/\/loma-hossa.fi\/en\/#\/schema\/logo\/image\/\",\"url\":\"https:\/\/loma-hossa.fi\/wp-content\/uploads\/2019\/05\/lomahossa-logo-syv.png\",\"contentUrl\":\"https:\/\/loma-hossa.fi\/wp-content\/uploads\/2019\/05\/lomahossa-logo-syv.png\",\"width\":280,\"height\":108,\"caption\":\"Loma-Hossa\"},\"image\":{\"@id\":\"https:\/\/loma-hossa.fi\/en\/#\/schema\/logo\/image\/\"},\"sameAs\":[\"https:\/\/www.facebook.com\/lomahossa\/\"]}]}<\/script>","yoast_head_json":{"title":"Rantam\u00f6kki Cottage - Loma-Hossa, Finland","description":"This cottage is in its own peace, alongside the beach of the Lake Hossa. The cottage has a main room and a little kitchen.","robots":{"index":"index","follow":"follow","max-snippet":"max-snippet:-1","max-image-preview":"max-image-preview:large","max-video-preview":"max-video-preview:-1"},"canonical":"https:\/\/loma-hossa.fi\/en\/accommodation\/rantamokki\/","og_locale":"en_US","og_type":"article","og_title":"Rantam\u00f6kki Cottage - Loma-Hossa, Finland","og_description":"This cottage is in its own peace, alongside the beach of the Lake Hossa. The cottage has a main room and a little kitchen.","og_url":"https:\/\/loma-hossa.fi\/en\/accommodation\/rantamokki\/","og_site_name":"Loma-Hossa, Finland","article_publisher":"https:\/\/www.facebook.com\/lomahossa\/","article_modified_time":"2023-03-22T11:47:10+00:00","og_image":[{"width":800,"height":533,"url":"https:\/\/loma-hossa.fi\/wp-content\/uploads\/2019\/05\/lomahossa-rantamokki-kesa-ulko.jpg","type":"image\/jpeg"}],"twitter_card":"summary_large_image","twitter_misc":{"Est. reading time":"1 minute"},"schema":{"@context":"https:\/\/schema.org","@graph":[{"@type":"WebPage","@id":"https:\/\/loma-hossa.fi\/en\/accommodation\/rantamokki\/","url":"https:\/\/loma-hossa.fi\/en\/accommodation\/rantamokki\/","name":"Rantam\u00f6kki Cottage - Loma-Hossa, Finland","isPartOf":{"@id":"https:\/\/loma-hossa.fi\/en\/#website"},"primaryImageOfPage":{"@id":"https:\/\/loma-hossa.fi\/en\/accommodation\/rantamokki\/#primaryimage"},"image":{"@id":"https:\/\/loma-hossa.fi\/en\/accommodation\/rantamokki\/#primaryimage"},"thumbnailUrl":"https:\/\/loma-hossa.fi\/wp-content\/uploads\/2019\/05\/lomahossa-rantamokki-kesa-ulko.jpg","datePublished":"2019-05-21T07:43:40+00:00","dateModified":"2023-03-22T11:47:10+00:00","description":"This cottage is in its own peace, alongside the beach of the Lake Hossa. The cottage has a main room and a little kitchen.","breadcrumb":{"@id":"https:\/\/loma-hossa.fi\/en\/accommodation\/rantamokki\/#breadcrumb"},"inLanguage":"en-US","potentialAction":[{"@type":"ReadAction","target":["https:\/\/loma-hossa.fi\/en\/accommodation\/rantamokki\/"]}]},{"@type":"ImageObject","inLanguage":"en-US","@id":"https:\/\/loma-hossa.fi\/en\/accommodation\/rantamokki\/#primaryimage","url":"https:\/\/loma-hossa.fi\/wp-content\/uploads\/2019\/05\/lomahossa-rantamokki-kesa-ulko.jpg","contentUrl":"https:\/\/loma-hossa.fi\/wp-content\/uploads\/2019\/05\/lomahossa-rantamokki-kesa-ulko.jpg","width":800,"height":533},{"@type":"BreadcrumbList","@id":"https:\/\/loma-hossa.fi\/en\/accommodation\/rantamokki\/#breadcrumb","itemListElement":[{"@type":"ListItem","position":1,"name":"Home","item":"https:\/\/loma-hossa.fi\/en\/"},{"@type":"ListItem","position":2,"name":"Accomodation close to Hossa National Park","item":"https:\/\/loma-hossa.fi\/en\/accommodation\/"},{"@type":"ListItem","position":3,"name":"Rantam\u00f6kki Cottage"}]},{"@type":"WebSite","@id":"https:\/\/loma-hossa.fi\/en\/#website","url":"https:\/\/loma-hossa.fi\/en\/","name":"Loma-Hossa, Suomussalmi","description":"Majoitusta Hossassa","publisher":{"@id":"https:\/\/loma-hossa.fi\/en\/#organization"},"potentialAction":[{"@type":"SearchAction","target":{"@type":"EntryPoint","urlTemplate":"https:\/\/loma-hossa.fi\/en\/?s={search_term_string}"},"query-input":{"@type":"PropertyValueSpecification","valueRequired":true,"valueName":"search_term_string"}}],"inLanguage":"en-US"},{"@type":"Organization","@id":"https:\/\/loma-hossa.fi\/en\/#organization","name":"Loma-Hossa","url":"https:\/\/loma-hossa.fi\/en\/","logo":{"@type":"ImageObject","inLanguage":"en-US","@id":"https:\/\/loma-hossa.fi\/en\/#\/schema\/logo\/image\/","url":"https:\/\/loma-hossa.fi\/wp-content\/uploads\/2019\/05\/lomahossa-logo-syv.png","contentUrl":"https:\/\/loma-hossa.fi\/wp-content\/uploads\/2019\/05\/lomahossa-logo-syv.png","width":280,"height":108,"caption":"Loma-Hossa"},"image":{"@id":"https:\/\/loma-hossa.fi\/en\/#\/schema\/logo\/image\/"},"sameAs":["https:\/\/www.facebook.com\/lomahossa\/"]}]}},"_links":{"self":[{"href":"https:\/\/loma-hossa.fi\/en\/wp-json\/wp\/v2\/pages\/870","targetHints":{"allow":["GET"]}}],"collection":[{"href":"https:\/\/loma-hossa.fi\/en\/wp-json\/wp\/v2\/pages"}],"about":[{"href":"https:\/\/loma-hossa.fi\/en\/wp-json\/wp\/v2\/types\/page"}],"author":[{"embeddable":true,"href":"https:\/\/loma-hossa.fi\/en\/wp-json\/wp\/v2\/users\/1"}],"replies":[{"embeddable":true,"href":"https:\/\/loma-hossa.fi\/en\/wp-json\/wp\/v2\/comments?post=870"}],"version-history":[{"count":14,"href":"https:\/\/loma-hossa.fi\/en\/wp-json\/wp\/v2\/pages\/870\/revisions"}],"predecessor-version":[{"id":73671,"href":"https:\/\/loma-hossa.fi\/en\/wp-json\/wp\/v2\/pages\/870\/revisions\/73671"}],"up":[{"embeddable":true,"href":"https:\/\/loma-hossa.fi\/en\/wp-json\/wp\/v2\/pages\/859"}],"wp:featuredmedia":[{"embeddable":true,"href":"https:\/\/loma-hossa.fi\/en\/wp-json\/wp\/v2\/media\/166"}],"wp:attachment":[{"href":"https:\/\/loma-hossa.fi\/en\/wp-json\/wp\/v2\/media?parent=870"}],"curies":[{"name":"wp","href":"https:\/\/api.w.org\/{rel}","templated":true}]}}