{"id":882,"date":"2019-05-21T10:42:54","date_gmt":"2019-05-21T07:42:54","guid":{"rendered":"http:\/\/loma-hossa\/majoitus-2\/ollorimokki\/"},"modified":"2025-09-30T16:13:40","modified_gmt":"2025-09-30T13:13:40","slug":"ollorimokki","status":"publish","type":"page","link":"https:\/\/loma-hossa.fi\/en\/accommodation\/ollorimokki\/","title":{"rendered":"\u00d6ll\u00f6rim\u00f6kki Cottage"},"content":{"rendered":"<p><img decoding=\"async\" src=\"https:\/\/loma-hossa.fi\/wp-content\/uploads\/2019\/05\/lomahossa-ollorimokki-ulko-iso.jpg\" alt=\"\u00d6ll\u00f6rim\u00f6kki cottage\"><\/p>\n<h1>\u00d6ll\u00f6rim\u00f6kki cottage<\/h1>\n<h6>3 persons, only used in the summer.<\/h6>\n<div>\n<p>\u00d6ll\u00f6rim\u00f6kki is a round log cabin, only used in the summer. This hillside cabin is located at the other end of \u00d6ll\u00f6ri -lake, where you can enjoy the sunset view over the lake even from indoors.<\/p>\n<p>The sauna is in its own hut, right on the shore of the crystal clear water. The cabin on the hillside is <b>recommended for visitors in good condition<\/b>, as there is a staircase of a hundred steps from the car park to the sauna, the cabin being in the middle. Hossa National Park is about 2,5km away on foot or by bike. Ideally, the cabin is suitable for three people.<\/p>\n<\/div>\n<div>\n<ul>\n<li>Electric stove<\/li>\n<li>Refrigerator<\/li>\n<li>Microwave<\/li>\n<li>Set of dishes<\/li>\n<li>Radio<\/li>\n<li>Fire place<\/li>\n<li>Wood heated sauna<\/li>\n<li>Outhouse toilet<\/li>\n<li>Cold water tap in the sauna and cabin&#8217;s terrace<\/li>\n<\/ul>\n<\/div>\n<div>\n<h5>Note<\/h5>\n<ul>\n<li>Minimun rent for 2 nights<\/li>\n<li>Recommended for people in good physical condition<\/li>\n<\/ul>\n<\/div>\n<div><iframe loading=\"lazy\" src=\"https:\/\/lomahossa.bookingonline.fi\/stable\/integroitukalenteri.jsp?teema_id=2083&#038;myyja_id=12466&#038;kiintea_tuote_id=33510&#038;kieli=UKN\" width=\"100%\" height=\"750px\"><\/iframe>\n<\/div>\n<ul>\n<li>\n<p>        <img decoding=\"async\" src=\"\/wp-content\/uploads\/2019\/05\/lomahossa-ollorimokki-polku.jpg\" alt=\"lomahossa \u00f6ll\u00f6rim\u00f6kki cottage stairs\"><\/p>\n<h3>lomahossa \u00f6ll\u00f6rim\u00f6kki cottage stairs<\/h3>\n<\/li>\n<li>\n<p>        <img decoding=\"async\" src=\"\/wp-content\/uploads\/2019\/05\/lomahossa-ollorimokki-rantasauna.jpg\" alt=\"lomahossa \u00f6ll\u00f6rim\u00f6kki cottage lake side sauna\"><\/p>\n<h3>lomahossa \u00f6ll\u00f6rim\u00f6kki cottage lake side sauna<\/h3>\n<\/li>\n<li>\n<p>        <img decoding=\"async\" src=\"\/wp-content\/uploads\/2019\/05\/lomahossa-ollorimokki-keittio.jpg\" alt=\"lomahossa \u00f6ll\u00f6rim\u00f6kki cottage kitchen\"><\/p>\n<h3>lomahossa \u00f6ll\u00f6rim\u00f6kki cottage kitchen<\/h3>\n<\/li>\n<li>\n<p>        <img decoding=\"async\" src=\"\/wp-content\/uploads\/2019\/05\/lomahossa-ollorimokki-takka.jpg\" alt=\"lomahossa \u00f6ll\u00f6rim\u00f6kki cottage living area\"><\/p>\n<h3>lomahossa \u00f6ll\u00f6rim\u00f6kki cottage living area<\/h3>\n<\/li>\n<li>\n<p>        <img decoding=\"async\" src=\"\/wp-content\/uploads\/2019\/05\/lomahossa-ollorimokki-ruokapoyta.jpg\" alt=\"lomahossa \u00f6ll\u00f6rim\u00f6kki cottage dining\"><\/p>\n<h3>lomahossa \u00f6ll\u00f6rim\u00f6kki cottage dining<\/h3>\n<\/li>\n<li>\n<p>        <img decoding=\"async\" src=\"\/wp-content\/uploads\/2019\/05\/lomahossa-ollorimokki-sauna.jpg\" alt=\"lomahossa \u00f6ll\u00f6rim\u00f6kki cottage sauna\"><\/p>\n<h3>lomahossa \u00f6ll\u00f6rim\u00f6kki cottage sauna<\/h3>\n<\/li>\n<li>\n<p>        <img decoding=\"async\" src=\"\/wp-content\/uploads\/2019\/05\/lomahossa-ollorimokki-saunanikkuna.jpg\" alt=\"lomahossa \u00f6ll\u00f6rim\u00f6kki cottage sauna window\"><\/p>\n<h3>lomahossa \u00f6ll\u00f6rim\u00f6kki cottage sauna window<\/h3>\n<\/li>\n<\/ul>\n<p><!--more--><br \/>\n<!-- {\"name\":\"majoitus\",\"type\":\"layout\",\"children\":[{\"type\":\"section\",\"props\":{\"image_position\":\"center-center\",\"padding\":\"none\",\"style\":\"default\",\"title_breakpoint\":\"xl\",\"title_position\":\"top-left\",\"title_rotation\":\"left\",\"vertical_align\":\"\",\"width\":\"\"},\"children\":[{\"type\":\"row\",\"children\":[{\"type\":\"column\",\"props\":{\"image_position\":\"center-center\",\"position_sticky_breakpoint\":\"m\",\"width_medium\":\"1-1\"},\"children\":[{\"type\":\"image\",\"props\":{\"image\":\"https:\\\/\\\/loma-hossa.fi\\\/wp-content\\\/uploads\\\/2019\\\/05\\\/lomahossa-ollorimokki-ulko-iso.jpg\",\"image_alt\":\"\\u00d6ll\\u00f6rim\\u00f6kki cottage\",\"image_svg_color\":\"emphasis\",\"margin\":\"default\"}}]}]}]},{\"type\":\"section\",\"props\":{\"image_position\":\"center-center\",\"style\":\"default\",\"title_breakpoint\":\"xl\",\"title_position\":\"top-left\",\"title_rotation\":\"left\",\"vertical_align\":\"\",\"width\":\"default\"},\"children\":[{\"type\":\"row\",\"props\":{\"layout\":\"2-3,1-3\"},\"children\":[{\"type\":\"column\",\"props\":{\"image_position\":\"center-center\",\"position_sticky_breakpoint\":\"m\",\"width_medium\":\"2-3\"},\"children\":[{\"type\":\"headline\",\"props\":{\"content\":\"\\u00d6ll\\u00f6rim\\u00f6kki cottage\",\"title_decoration\":\"divider\",\"title_element\":\"h1\",\"title_style\":\"heading-medium\"},\"name\":\"otsikko\"},{\"type\":\"headline\",\"props\":{\"content\":\"3 persons, only used in the summer.\",\"margin_remove_top\":true,\"title_element\":\"h6\",\"title_style\":\"h6\"},\"name\":\"hl\\u00f6\"},{\"type\":\"text\",\"props\":{\"column_breakpoint\":\"m\",\"content\":\"\n\n<p>\\u00d6ll\\u00f6rim\\u00f6kki is a round log cabin, only used in the summer. This hillside cabin is located at the other end of \\u00d6ll\\u00f6ri -lake, where you can enjoy the sunset view over the lake even from indoors.<\\\/p>\\n\n\n<p>The sauna is in its own hut, right on the shore of the crystal clear water. The cabin on the hillside is <b>recommended for visitors in good condition<\\\/b>, as there is a staircase of a hundred steps from the car park to the sauna, the cabin being in the middle. Hossa National Park is about 2,5km away on foot or by bike. Ideally, the cabin is suitable for three people.<\\\/p>\",\"margin\":\"default\"},\"name\":\"kuvaus\"},{\"type\":\"text\",\"props\":{\"column\":\"1-3\",\"column_breakpoint\":\"m\",\"content\":\"\n\n<ul>\\n\n\n<li>Electric stove<\\\/li>\\n\n\n<li>Refrigerator<\\\/li>\\n\n\n<li>Microwave<\\\/li>\\n\n\n<li>Set of dishes<\\\/li>\\n\n\n<li>Radio<\\\/li>\\n\n\n<li>Fire place<\\\/li>\\n\n\n<li>Wood heated sauna<\\\/li>\\n\n\n<li>Outhouse toilet<\\\/li>\\n\n\n<li>Cold water tap in the sauna and cabin's terrace<\\\/li>\\n<\\\/ul>\",\"margin\":\"default\"},\"name\":\"Varustus\"},{\"type\":\"text\",\"props\":{\"column_breakpoint\":\"m\",\"content\":\"\n\n<h5>Note<\\\/h5>\\n\n\n<ul>\\n\n\n<li>Minimun rent for 2 nights<\\\/li>\\n\n\n<li>Recommended for people in good physical condition<\\\/li>\\n<\\\/ul>\",\"margin\":\"default\"},\"name\":\"Hinta\"}]},{\"type\":\"column\",\"props\":{\"image_position\":\"center-center\",\"position_sticky_breakpoint\":\"m\",\"width_medium\":\"1-3\"},\"children\":[{\"type\":\"text\",\"props\":{\"column_breakpoint\":\"m\",\"content\":\"<iframe src=\\\"https:\\\/\\\/lomahossa.bookingonline.fi\\\/stable\\\/integroitukalenteri.jsp?teema_id=2083&myyja_id=12466&kiintea_tuote_id=33510&kieli=UKN\\\" width=\\\"100%\\\" height=\\\"750px\\\"><\\\/iframe>\\n\",\"margin\":\"default\"},\"name\":\"kalenteripohja2\"}]}]}]},{\"type\":\"section\",\"props\":{\"image_position\":\"center-center\",\"style\":\"default\",\"title_breakpoint\":\"xl\",\"title_position\":\"top-left\",\"title_rotation\":\"left\",\"vertical_align\":\"\",\"width\":\"default\"},\"children\":[{\"type\":\"row\",\"children\":[{\"type\":\"column\",\"props\":{\"image_position\":\"center-center\",\"position_sticky_breakpoint\":\"m\",\"width_medium\":\"1-1\"},\"children\":[{\"type\":\"gallery\",\"props\":{\"content_display\":\"lightbox\",\"filter_align\":\"left\",\"filter_all\":true,\"filter_grid_breakpoint\":\"m\",\"filter_grid_width\":\"auto\",\"filter_position\":\"top\",\"filter_style\":\"tab\",\"grid_column_gap\":\"small\",\"grid_default\":\"1\",\"grid_medium\":\"4\",\"grid_row_gap\":\"small\",\"grid_small\":\"2\",\"image_height\":\"533\",\"image_transition\":\"scale-up\",\"image_width\":\"800\",\"item_animation\":true,\"lightbox\":true,\"lightbox_bg_close\":true,\"lightbox_image_orientation\":false,\"link_style\":\"default\",\"link_text\":\"\",\"margin\":\"default\",\"meta_align\":\"below-title\",\"meta_element\":\"div\",\"meta_style\":\"text-meta\",\"overlay_hover\":true,\"overlay_link\":true,\"overlay_mode\":\"cover\",\"overlay_padding\":\"small\",\"overlay_position\":\"center\",\"overlay_style\":\"\",\"overlay_transition\":\"fade\",\"overlay_transition_background\":false,\"parallax_easing\":\"1\",\"show_content\":false,\"show_hover_image\":false,\"show_hover_video\":true,\"show_link\":true,\"show_meta\":false,\"show_title\":false,\"text_align\":\"center\",\"text_color\":\"light\",\"title_display\":\"lightbox\",\"title_element\":\"h3\",\"title_hover_style\":\"reset\"},\"children\":[{\"type\":\"gallery_item\",\"props\":{\"image\":\"wp-content\\\/uploads\\\/2019\\\/05\\\/lomahossa-ollorimokki-polku.jpg\",\"image_alt\":\"lomahossa \\u00f6ll\\u00f6rim\\u00f6kki cottage stairs\",\"title\":\"lomahossa \\u00f6ll\\u00f6rim\\u00f6kki cottage stairs\"}},{\"type\":\"gallery_item\",\"props\":{\"image\":\"wp-content\\\/uploads\\\/2019\\\/05\\\/lomahossa-ollorimokki-rantasauna.jpg\",\"image_alt\":\"lomahossa \\u00f6ll\\u00f6rim\\u00f6kki cottage lake side sauna\",\"title\":\"lomahossa \\u00f6ll\\u00f6rim\\u00f6kki cottage lake side sauna\"}},{\"type\":\"gallery_item\",\"props\":{\"image\":\"wp-content\\\/uploads\\\/2019\\\/05\\\/lomahossa-ollorimokki-keittio.jpg\",\"image_alt\":\"lomahossa \\u00f6ll\\u00f6rim\\u00f6kki cottage kitchen\",\"title\":\"lomahossa \\u00f6ll\\u00f6rim\\u00f6kki cottage kitchen\"}},{\"type\":\"gallery_item\",\"props\":{\"image\":\"wp-content\\\/uploads\\\/2019\\\/05\\\/lomahossa-ollorimokki-takka.jpg\",\"image_alt\":\"lomahossa \\u00f6ll\\u00f6rim\\u00f6kki cottage living area\",\"title\":\"lomahossa \\u00f6ll\\u00f6rim\\u00f6kki cottage living area\"}},{\"type\":\"gallery_item\",\"props\":{\"image\":\"wp-content\\\/uploads\\\/2019\\\/05\\\/lomahossa-ollorimokki-ruokapoyta.jpg\",\"image_alt\":\"lomahossa \\u00f6ll\\u00f6rim\\u00f6kki cottage dining\",\"title\":\"lomahossa \\u00f6ll\\u00f6rim\\u00f6kki cottage dining\"}},{\"type\":\"gallery_item\",\"props\":{\"image\":\"wp-content\\\/uploads\\\/2019\\\/05\\\/lomahossa-ollorimokki-sauna.jpg\",\"image_alt\":\"lomahossa \\u00f6ll\\u00f6rim\\u00f6kki cottage sauna\",\"title\":\"lomahossa \\u00f6ll\\u00f6rim\\u00f6kki cottage sauna\"}},{\"type\":\"gallery_item\",\"props\":{\"image\":\"wp-content\\\/uploads\\\/2019\\\/05\\\/lomahossa-ollorimokki-saunanikkuna.jpg\",\"image_alt\":\"lomahossa \\u00f6ll\\u00f6rim\\u00f6kki cottage sauna window\",\"title\":\"lomahossa \\u00f6ll\\u00f6rim\\u00f6kki cottage sauna window\"}}]}]}]}]}],\"version\":\"4.5.21\"} --><\/p>\n","protected":false},"excerpt":{"rendered":"<p>\u00d6ll\u00f6rim\u00f6kki cottage 3 persons, only used in the summer. \u00d6ll\u00f6rim\u00f6kki is a round log cabin, only used in the summer. This hillside cabin is located at the other end of \u00d6ll\u00f6ri -lake, where you can enjoy the sunset view over the lake even from indoors. The sauna is in its own hut, right on the [&hellip;]<\/p>\n","protected":false},"author":1,"featured_media":162,"parent":859,"menu_order":0,"comment_status":"closed","ping_status":"closed","template":"","meta":{"footnotes":""},"class_list":["post-882","page","type-page","status-publish","has-post-thumbnail","hentry"],"yoast_head":"<title>\u00d6ll\u00f6rim\u00f6kki Cottage - Loma-Hossa, Finland<\/title>\n<meta name=\"description\" content=\"Log cabin (3 person) used in summer. You can enjoy the sunset view over the lake from indoors. Separate sauna building on shore of the crystal clear water.\" \/>\n<meta name=\"robots\" content=\"index, follow, max-snippet:-1, max-image-preview:large, max-video-preview:-1\" \/>\n<link rel=\"canonical\" href=\"https:\/\/loma-hossa.fi\/en\/accommodation\/ollorimokki\/\" \/>\n<meta property=\"og:locale\" content=\"en_US\" \/>\n<meta property=\"og:type\" content=\"article\" \/>\n<meta property=\"og:title\" content=\"\u00d6ll\u00f6rim\u00f6kki Cottage - Loma-Hossa, Finland\" \/>\n<meta property=\"og:description\" content=\"Log cabin (3 person) used in summer. You can enjoy the sunset view over the lake from indoors. Separate sauna building on shore of the crystal clear water.\" \/>\n<meta property=\"og:url\" content=\"https:\/\/loma-hossa.fi\/en\/accommodation\/ollorimokki\/\" \/>\n<meta property=\"og:site_name\" content=\"Loma-Hossa, Finland\" \/>\n<meta property=\"article:publisher\" content=\"https:\/\/www.facebook.com\/lomahossa\/\" \/>\n<meta property=\"article:modified_time\" content=\"2025-09-30T13:13:40+00:00\" \/>\n<meta property=\"og:image\" content=\"https:\/\/loma-hossa.fi\/wp-content\/uploads\/2019\/05\/lomahossa-ollorimokki-kesa-ulko.jpg\" \/>\n\t<meta property=\"og:image:width\" content=\"800\" \/>\n\t<meta property=\"og:image:height\" content=\"533\" \/>\n\t<meta property=\"og:image:type\" content=\"image\/jpeg\" \/>\n<meta name=\"twitter:card\" content=\"summary_large_image\" \/>\n<meta name=\"twitter:label1\" content=\"Est. reading time\" \/>\n\t<meta name=\"twitter:data1\" content=\"1 minute\" \/>\n<script type=\"application\/ld+json\" class=\"yoast-schema-graph\">{\"@context\":\"https:\/\/schema.org\",\"@graph\":[{\"@type\":\"WebPage\",\"@id\":\"https:\/\/loma-hossa.fi\/en\/accommodation\/ollorimokki\/\",\"url\":\"https:\/\/loma-hossa.fi\/en\/accommodation\/ollorimokki\/\",\"name\":\"\u00d6ll\u00f6rim\u00f6kki Cottage - Loma-Hossa, Finland\",\"isPartOf\":{\"@id\":\"https:\/\/loma-hossa.fi\/en\/#website\"},\"primaryImageOfPage\":{\"@id\":\"https:\/\/loma-hossa.fi\/en\/accommodation\/ollorimokki\/#primaryimage\"},\"image\":{\"@id\":\"https:\/\/loma-hossa.fi\/en\/accommodation\/ollorimokki\/#primaryimage\"},\"thumbnailUrl\":\"https:\/\/loma-hossa.fi\/wp-content\/uploads\/2019\/05\/lomahossa-ollorimokki-kesa-ulko.jpg\",\"datePublished\":\"2019-05-21T07:42:54+00:00\",\"dateModified\":\"2025-09-30T13:13:40+00:00\",\"description\":\"Log cabin (3 person) used in summer. You can enjoy the sunset view over the lake from indoors. Separate sauna building on shore of the crystal clear water.\",\"breadcrumb\":{\"@id\":\"https:\/\/loma-hossa.fi\/en\/accommodation\/ollorimokki\/#breadcrumb\"},\"inLanguage\":\"en-US\",\"potentialAction\":[{\"@type\":\"ReadAction\",\"target\":[\"https:\/\/loma-hossa.fi\/en\/accommodation\/ollorimokki\/\"]}]},{\"@type\":\"ImageObject\",\"inLanguage\":\"en-US\",\"@id\":\"https:\/\/loma-hossa.fi\/en\/accommodation\/ollorimokki\/#primaryimage\",\"url\":\"https:\/\/loma-hossa.fi\/wp-content\/uploads\/2019\/05\/lomahossa-ollorimokki-kesa-ulko.jpg\",\"contentUrl\":\"https:\/\/loma-hossa.fi\/wp-content\/uploads\/2019\/05\/lomahossa-ollorimokki-kesa-ulko.jpg\",\"width\":800,\"height\":533},{\"@type\":\"BreadcrumbList\",\"@id\":\"https:\/\/loma-hossa.fi\/en\/accommodation\/ollorimokki\/#breadcrumb\",\"itemListElement\":[{\"@type\":\"ListItem\",\"position\":1,\"name\":\"Home\",\"item\":\"https:\/\/loma-hossa.fi\/en\/\"},{\"@type\":\"ListItem\",\"position\":2,\"name\":\"Accomodation close to Hossa National Park\",\"item\":\"https:\/\/loma-hossa.fi\/en\/accommodation\/\"},{\"@type\":\"ListItem\",\"position\":3,\"name\":\"\u00d6ll\u00f6rim\u00f6kki Cottage\"}]},{\"@type\":\"WebSite\",\"@id\":\"https:\/\/loma-hossa.fi\/en\/#website\",\"url\":\"https:\/\/loma-hossa.fi\/en\/\",\"name\":\"Loma-Hossa, Suomussalmi\",\"description\":\"Majoitusta Hossassa\",\"publisher\":{\"@id\":\"https:\/\/loma-hossa.fi\/en\/#organization\"},\"potentialAction\":[{\"@type\":\"SearchAction\",\"target\":{\"@type\":\"EntryPoint\",\"urlTemplate\":\"https:\/\/loma-hossa.fi\/en\/?s={search_term_string}\"},\"query-input\":{\"@type\":\"PropertyValueSpecification\",\"valueRequired\":true,\"valueName\":\"search_term_string\"}}],\"inLanguage\":\"en-US\"},{\"@type\":\"Organization\",\"@id\":\"https:\/\/loma-hossa.fi\/en\/#organization\",\"name\":\"Loma-Hossa\",\"url\":\"https:\/\/loma-hossa.fi\/en\/\",\"logo\":{\"@type\":\"ImageObject\",\"inLanguage\":\"en-US\",\"@id\":\"https:\/\/loma-hossa.fi\/en\/#\/schema\/logo\/image\/\",\"url\":\"https:\/\/loma-hossa.fi\/wp-content\/uploads\/2019\/05\/lomahossa-logo-syv.png\",\"contentUrl\":\"https:\/\/loma-hossa.fi\/wp-content\/uploads\/2019\/05\/lomahossa-logo-syv.png\",\"width\":280,\"height\":108,\"caption\":\"Loma-Hossa\"},\"image\":{\"@id\":\"https:\/\/loma-hossa.fi\/en\/#\/schema\/logo\/image\/\"},\"sameAs\":[\"https:\/\/www.facebook.com\/lomahossa\/\"]}]}<\/script>","yoast_head_json":{"title":"\u00d6ll\u00f6rim\u00f6kki Cottage - Loma-Hossa, Finland","description":"Log cabin (3 person) used in summer. You can enjoy the sunset view over the lake from indoors. Separate sauna building on shore of the crystal clear water.","robots":{"index":"index","follow":"follow","max-snippet":"max-snippet:-1","max-image-preview":"max-image-preview:large","max-video-preview":"max-video-preview:-1"},"canonical":"https:\/\/loma-hossa.fi\/en\/accommodation\/ollorimokki\/","og_locale":"en_US","og_type":"article","og_title":"\u00d6ll\u00f6rim\u00f6kki Cottage - Loma-Hossa, Finland","og_description":"Log cabin (3 person) used in summer. You can enjoy the sunset view over the lake from indoors. Separate sauna building on shore of the crystal clear water.","og_url":"https:\/\/loma-hossa.fi\/en\/accommodation\/ollorimokki\/","og_site_name":"Loma-Hossa, Finland","article_publisher":"https:\/\/www.facebook.com\/lomahossa\/","article_modified_time":"2025-09-30T13:13:40+00:00","og_image":[{"width":800,"height":533,"url":"https:\/\/loma-hossa.fi\/wp-content\/uploads\/2019\/05\/lomahossa-ollorimokki-kesa-ulko.jpg","type":"image\/jpeg"}],"twitter_card":"summary_large_image","twitter_misc":{"Est. reading time":"1 minute"},"schema":{"@context":"https:\/\/schema.org","@graph":[{"@type":"WebPage","@id":"https:\/\/loma-hossa.fi\/en\/accommodation\/ollorimokki\/","url":"https:\/\/loma-hossa.fi\/en\/accommodation\/ollorimokki\/","name":"\u00d6ll\u00f6rim\u00f6kki Cottage - Loma-Hossa, Finland","isPartOf":{"@id":"https:\/\/loma-hossa.fi\/en\/#website"},"primaryImageOfPage":{"@id":"https:\/\/loma-hossa.fi\/en\/accommodation\/ollorimokki\/#primaryimage"},"image":{"@id":"https:\/\/loma-hossa.fi\/en\/accommodation\/ollorimokki\/#primaryimage"},"thumbnailUrl":"https:\/\/loma-hossa.fi\/wp-content\/uploads\/2019\/05\/lomahossa-ollorimokki-kesa-ulko.jpg","datePublished":"2019-05-21T07:42:54+00:00","dateModified":"2025-09-30T13:13:40+00:00","description":"Log cabin (3 person) used in summer. You can enjoy the sunset view over the lake from indoors. Separate sauna building on shore of the crystal clear water.","breadcrumb":{"@id":"https:\/\/loma-hossa.fi\/en\/accommodation\/ollorimokki\/#breadcrumb"},"inLanguage":"en-US","potentialAction":[{"@type":"ReadAction","target":["https:\/\/loma-hossa.fi\/en\/accommodation\/ollorimokki\/"]}]},{"@type":"ImageObject","inLanguage":"en-US","@id":"https:\/\/loma-hossa.fi\/en\/accommodation\/ollorimokki\/#primaryimage","url":"https:\/\/loma-hossa.fi\/wp-content\/uploads\/2019\/05\/lomahossa-ollorimokki-kesa-ulko.jpg","contentUrl":"https:\/\/loma-hossa.fi\/wp-content\/uploads\/2019\/05\/lomahossa-ollorimokki-kesa-ulko.jpg","width":800,"height":533},{"@type":"BreadcrumbList","@id":"https:\/\/loma-hossa.fi\/en\/accommodation\/ollorimokki\/#breadcrumb","itemListElement":[{"@type":"ListItem","position":1,"name":"Home","item":"https:\/\/loma-hossa.fi\/en\/"},{"@type":"ListItem","position":2,"name":"Accomodation close to Hossa National Park","item":"https:\/\/loma-hossa.fi\/en\/accommodation\/"},{"@type":"ListItem","position":3,"name":"\u00d6ll\u00f6rim\u00f6kki Cottage"}]},{"@type":"WebSite","@id":"https:\/\/loma-hossa.fi\/en\/#website","url":"https:\/\/loma-hossa.fi\/en\/","name":"Loma-Hossa, Suomussalmi","description":"Majoitusta Hossassa","publisher":{"@id":"https:\/\/loma-hossa.fi\/en\/#organization"},"potentialAction":[{"@type":"SearchAction","target":{"@type":"EntryPoint","urlTemplate":"https:\/\/loma-hossa.fi\/en\/?s={search_term_string}"},"query-input":{"@type":"PropertyValueSpecification","valueRequired":true,"valueName":"search_term_string"}}],"inLanguage":"en-US"},{"@type":"Organization","@id":"https:\/\/loma-hossa.fi\/en\/#organization","name":"Loma-Hossa","url":"https:\/\/loma-hossa.fi\/en\/","logo":{"@type":"ImageObject","inLanguage":"en-US","@id":"https:\/\/loma-hossa.fi\/en\/#\/schema\/logo\/image\/","url":"https:\/\/loma-hossa.fi\/wp-content\/uploads\/2019\/05\/lomahossa-logo-syv.png","contentUrl":"https:\/\/loma-hossa.fi\/wp-content\/uploads\/2019\/05\/lomahossa-logo-syv.png","width":280,"height":108,"caption":"Loma-Hossa"},"image":{"@id":"https:\/\/loma-hossa.fi\/en\/#\/schema\/logo\/image\/"},"sameAs":["https:\/\/www.facebook.com\/lomahossa\/"]}]}},"_links":{"self":[{"href":"https:\/\/loma-hossa.fi\/en\/wp-json\/wp\/v2\/pages\/882","targetHints":{"allow":["GET"]}}],"collection":[{"href":"https:\/\/loma-hossa.fi\/en\/wp-json\/wp\/v2\/pages"}],"about":[{"href":"https:\/\/loma-hossa.fi\/en\/wp-json\/wp\/v2\/types\/page"}],"author":[{"embeddable":true,"href":"https:\/\/loma-hossa.fi\/en\/wp-json\/wp\/v2\/users\/1"}],"replies":[{"embeddable":true,"href":"https:\/\/loma-hossa.fi\/en\/wp-json\/wp\/v2\/comments?post=882"}],"version-history":[{"count":10,"href":"https:\/\/loma-hossa.fi\/en\/wp-json\/wp\/v2\/pages\/882\/revisions"}],"predecessor-version":[{"id":74065,"href":"https:\/\/loma-hossa.fi\/en\/wp-json\/wp\/v2\/pages\/882\/revisions\/74065"}],"up":[{"embeddable":true,"href":"https:\/\/loma-hossa.fi\/en\/wp-json\/wp\/v2\/pages\/859"}],"wp:featuredmedia":[{"embeddable":true,"href":"https:\/\/loma-hossa.fi\/en\/wp-json\/wp\/v2\/media\/162"}],"wp:attachment":[{"href":"https:\/\/loma-hossa.fi\/en\/wp-json\/wp\/v2\/media?parent=882"}],"curies":[{"name":"wp","href":"https:\/\/api.w.org\/{rel}","templated":true}]}}